{"id":809,"date":"2026-04-16T13:07:55","date_gmt":"2026-04-16T11:07:55","guid":{"rendered":"https:\/\/millepathotel.com\/?page_id=809"},"modified":"2026-04-16T13:07:56","modified_gmt":"2026-04-16T11:07:56","slug":"cookies","status":"publish","type":"page","link":"https:\/\/millepathotel.com\/index.php\/cookies\/","title":{"rendered":"Cookies"},"content":{"rendered":"\n<h2 class=\"wp-block-heading has-white-color has-text-color has-background has-link-color has-medium-font-size wp-elements-0f7c0acb11078fc69f305f5f7c743968\" style=\"background-color:#003646\">COOKIES<\/h2>\n\n\n\n<p>Lors de la navigation sur le site <a href=\"https:\/\/millepathotel.com\/\"><strong>https:\/\/millepathotel.com<\/strong><\/a>, des cookies ou autres traceurs peuvent \u00eatre d\u00e9pos\u00e9s sur votre terminal (ordinateur, mobile, tablette), sous r\u00e9serve des choix que vous avez exprim\u00e9s.<\/p>\n\n\n\n<p><strong>1. Qu\u2019est-ce qu\u2019un cookie ?<\/strong><\/p>\n\n\n\n<p>Un cookie est un petit fichier enregistr\u00e9 sur votre terminal lors de la consultation d\u2019un site internet. Il permet notamment de m\u00e9moriser certaines informations relatives \u00e0 votre navigation.<\/p>\n\n\n\n<p><strong>2. Cookies utilis\u00e9s<\/strong><\/p>\n\n\n\n<p>Le site peut utiliser :<\/p>\n\n\n\n<ul class=\"wp-block-list\">\n<li>des <strong>cookies strictement n\u00e9cessaires<\/strong> au bon fonctionnement du site ;<\/li>\n\n\n\n<li>des <strong>cookies de mesure d\u2019audience<\/strong> ;<\/li>\n\n\n\n<li>des <strong>cookies li\u00e9s \u00e0 des contenus tiers<\/strong> ou \u00e0 certaines fonctionnalit\u00e9s externes, le cas \u00e9ch\u00e9ant.<\/li>\n<\/ul>\n\n\n\n<p>Les cookies strictement n\u00e9cessaires ne requi\u00e8rent pas votre consentement lorsqu\u2019ils sont indispensables au fonctionnement du site.<\/p>\n\n\n\n<p>En revanche, les cookies de mesure d\u2019audience, de personnalisation ou de services tiers soumis \u00e0 consentement ne sont d\u00e9pos\u00e9s qu\u2019apr\u00e8s votre accord, lorsque la r\u00e9glementation l\u2019exige.<\/p>\n\n\n\n<p><strong>3. Consentement<\/strong><\/p>\n\n\n\n<p>Lors de votre premi\u00e8re visite sur le site, un bandeau d\u2019information peut vous permettre :<\/p>\n\n\n\n<ul class=\"wp-block-list\">\n<li>d\u2019accepter les cookies ;<\/li>\n\n\n\n<li>de les refuser ;<\/li>\n\n\n\n<li>de param\u00e9trer vos choix.<\/li>\n<\/ul>\n\n\n\n<p>Vous pouvez \u00e9galement retirer votre consentement \u00e0 tout moment avec une simplicit\u00e9 \u00e9quivalente \u00e0 celle de son acceptation.<\/p>\n\n\n\n<p><strong>4. Dur\u00e9e de conservation<\/strong><\/p>\n\n\n\n<p>Les cookies sont conserv\u00e9s pour une dur\u00e9e limit\u00e9e conforme \u00e0 la r\u00e9glementation applicable. Les choix exprim\u00e9s en mati\u00e8re de consentement sont \u00e9galement conserv\u00e9s pendant une dur\u00e9e limit\u00e9e afin d\u2019en assurer la tra\u00e7abilit\u00e9.<\/p>\n\n\n\n<p><strong>5. Gestion des cookies<\/strong><\/p>\n\n\n\n<p>Vous pouvez \u00e0 tout moment param\u00e9trer votre navigateur pour bloquer ou supprimer tout ou partie des <\/p>\n\n\n\n<p><strong>7. Contact<\/strong><\/p>\n\n\n\n<p>Pour toute question relative \u00e0 l\u2019utilisation des cookies sur le site, vous pouvez \u00e9crire \u00e0 :<br><strong>contact@millepathotel.com<\/strong><\/p>\n\n\n\n<p><strong>8. Mise \u00e0 jour<\/strong><\/p>\n\n\n\n<p>La pr\u00e9sente politique de cookies peut \u00eatre modifi\u00e9e \u00e0 tout moment afin de refl\u00e9ter les \u00e9volutions du site ou de la r\u00e9glementation.<\/p>\n\n\n\n<p><\/p>\n\n\n\n<p class=\"has-text-color has-link-color wp-elements-38891a16da38b84f6cf8d8bcaef44b14\" style=\"color:#003646\"><\/p>\n\n\n\n<p class=\"has-text-color has-link-color wp-elements-38891a16da38b84f6cf8d8bcaef44b14\" style=\"color:#003646\"><\/p>\n\n\n\n<p class=\"has-text-color has-link-color wp-elements-38891a16da38b84f6cf8d8bcaef44b14\" style=\"color:#003646\"><\/p>\n\n\n\n<p class=\"has-text-color has-link-color wp-elements-38891a16da38b84f6cf8d8bcaef44b14\" style=\"color:#003646\"><\/p>\n\n\n\n<p class=\"has-text-color has-link-color wp-elements-38891a16da38b84f6cf8d8bcaef44b14\" style=\"color:#003646\"><\/p>\n\n\n\n<p class=\"has-text-color has-link-color wp-elements-38891a16da38b84f6cf8d8bcaef44b14\" style=\"color:#003646\"><\/p>\n\n\n\n<p class=\"has-text-color has-link-color wp-elements-38891a16da38b84f6cf8d8bcaef44b14\" style=\"color:#003646\"><\/p>\n\n\n\n<p class=\"has-text-color has-link-color wp-elements-38891a16da38b84f6cf8d8bcaef44b14\" style=\"color:#003646\"><\/p>\n\n\n\n<p class=\"has-text-color has-link-color wp-elements-38891a16da38b84f6cf8d8bcaef44b14\" style=\"color:#003646\"><\/p>\n\n\n\n<p class=\"has-text-color has-link-color wp-elements-38891a16da38b84f6cf8d8bcaef44b14\" style=\"color:#003646\"><\/p>\n\n\n\n<p class=\"has-text-color has-link-color wp-elements-38891a16da38b84f6cf8d8bcaef44b14\" style=\"color:#003646\"><\/p>\n\n\n\n<p><\/p>\n\n\n\n<p class=\"has-small-font-size\"><\/p>\n","protected":false},"excerpt":{"rendered":"<p>COOKIES Lors de la navigation sur le site https:\/\/millepathotel.com, des cookies ou autres traceurs peuvent \u00eatre d\u00e9pos\u00e9s sur votre terminal (ordinateur, mobile, tablette), sous r\u00e9serve des choix que vous avez exprim\u00e9s. 1. Qu\u2019est-ce qu\u2019un cookie ? Un cookie est un<\/p>\n","protected":false},"author":2,"featured_media":0,"parent":0,"menu_order":0,"comment_status":"closed","ping_status":"closed","template":"","meta":{"footnotes":""},"class_list":["post-809","page","type-page","status-publish","hentry"],"yoast_head":"<!-- This site is optimized with the Yoast SEO plugin v27.4 - https:\/\/yoast.com\/product\/yoast-seo-wordpress\/ -->\n<title>Cookies - Mille Pat&#039;H\u00f4tel<\/title>\n<meta name=\"robots\" content=\"index, follow, max-snippet:-1, max-image-preview:large, max-video-preview:-1\" \/>\n<link rel=\"canonical\" href=\"https:\/\/millepathotel.com\/index.php\/cookies\/\" \/>\n<meta property=\"og:locale\" content=\"fr_FR\" \/>\n<meta property=\"og:type\" content=\"article\" \/>\n<meta property=\"og:title\" content=\"Cookies - Mille Pat&#039;H\u00f4tel\" \/>\n<meta property=\"og:description\" content=\"COOKIES Lors de la navigation sur le site https:\/\/millepathotel.com, des cookies ou autres traceurs peuvent \u00eatre d\u00e9pos\u00e9s sur votre terminal (ordinateur, mobile, tablette), sous r\u00e9serve des choix que vous avez exprim\u00e9s. 1. Qu\u2019est-ce qu\u2019un cookie ? Un cookie est un\" \/>\n<meta property=\"og:url\" content=\"https:\/\/millepathotel.com\/index.php\/cookies\/\" \/>\n<meta property=\"og:site_name\" content=\"Mille Pat&#039;H\u00f4tel\" \/>\n<meta property=\"article:modified_time\" content=\"2026-04-16T11:07:56+00:00\" \/>\n<meta name=\"twitter:card\" content=\"summary_large_image\" \/>\n<meta name=\"twitter:label1\" content=\"Dur\u00e9e de lecture estim\u00e9e\" \/>\n\t<meta name=\"twitter:data1\" content=\"2 minutes\" \/>\n<script type=\"application\/ld+json\" class=\"yoast-schema-graph\">{\"@context\":\"https:\\\/\\\/schema.org\",\"@graph\":[{\"@type\":\"WebPage\",\"@id\":\"https:\\\/\\\/millepathotel.com\\\/index.php\\\/cookies\\\/\",\"url\":\"https:\\\/\\\/millepathotel.com\\\/index.php\\\/cookies\\\/\",\"name\":\"Cookies - Mille Pat&#039;H\u00f4tel\",\"isPartOf\":{\"@id\":\"https:\\\/\\\/millepathotel.com\\\/#website\"},\"datePublished\":\"2026-04-16T11:07:55+00:00\",\"dateModified\":\"2026-04-16T11:07:56+00:00\",\"breadcrumb\":{\"@id\":\"https:\\\/\\\/millepathotel.com\\\/index.php\\\/cookies\\\/#breadcrumb\"},\"inLanguage\":\"fr-FR\",\"potentialAction\":[{\"@type\":\"ReadAction\",\"target\":[\"https:\\\/\\\/millepathotel.com\\\/index.php\\\/cookies\\\/\"]}]},{\"@type\":\"BreadcrumbList\",\"@id\":\"https:\\\/\\\/millepathotel.com\\\/index.php\\\/cookies\\\/#breadcrumb\",\"itemListElement\":[{\"@type\":\"ListItem\",\"position\":1,\"name\":\"Accueil\",\"item\":\"https:\\\/\\\/millepathotel.com\\\/\"},{\"@type\":\"ListItem\",\"position\":2,\"name\":\"Cookies\"}]},{\"@type\":\"WebSite\",\"@id\":\"https:\\\/\\\/millepathotel.com\\\/#website\",\"url\":\"https:\\\/\\\/millepathotel.com\\\/\",\"name\":\"Mille Pat&#039;H\u00f4tel\",\"description\":\"Pension canine et f\u00e9line en vend\u00e9e, \u00e0 5mn du Puy du Fou\",\"publisher\":{\"@id\":\"https:\\\/\\\/millepathotel.com\\\/#organization\"},\"potentialAction\":[{\"@type\":\"SearchAction\",\"target\":{\"@type\":\"EntryPoint\",\"urlTemplate\":\"https:\\\/\\\/millepathotel.com\\\/?s={search_term_string}\"},\"query-input\":{\"@type\":\"PropertyValueSpecification\",\"valueRequired\":true,\"valueName\":\"search_term_string\"}}],\"inLanguage\":\"fr-FR\"},{\"@type\":\"Organization\",\"@id\":\"https:\\\/\\\/millepathotel.com\\\/#organization\",\"name\":\"Mille Pat&#039;H\u00f4tel\",\"url\":\"https:\\\/\\\/millepathotel.com\\\/\",\"logo\":{\"@type\":\"ImageObject\",\"inLanguage\":\"fr-FR\",\"@id\":\"https:\\\/\\\/millepathotel.com\\\/#\\\/schema\\\/logo\\\/image\\\/\",\"url\":\"https:\\\/\\\/millepathotel.com\\\/wp-content\\\/uploads\\\/2025\\\/10\\\/cropped-MPH-Logo-RVB.png\",\"contentUrl\":\"https:\\\/\\\/millepathotel.com\\\/wp-content\\\/uploads\\\/2025\\\/10\\\/cropped-MPH-Logo-RVB.png\",\"width\":2478,\"height\":622,\"caption\":\"Mille Pat&#039;H\u00f4tel\"},\"image\":{\"@id\":\"https:\\\/\\\/millepathotel.com\\\/#\\\/schema\\\/logo\\\/image\\\/\"}}]}<\/script>\n<!-- \/ Yoast SEO plugin. -->","yoast_head_json":{"title":"Cookies - Mille Pat&#039;H\u00f4tel","robots":{"index":"index","follow":"follow","max-snippet":"max-snippet:-1","max-image-preview":"max-image-preview:large","max-video-preview":"max-video-preview:-1"},"canonical":"https:\/\/millepathotel.com\/index.php\/cookies\/","og_locale":"fr_FR","og_type":"article","og_title":"Cookies - Mille Pat&#039;H\u00f4tel","og_description":"COOKIES Lors de la navigation sur le site https:\/\/millepathotel.com, des cookies ou autres traceurs peuvent \u00eatre d\u00e9pos\u00e9s sur votre terminal (ordinateur, mobile, tablette), sous r\u00e9serve des choix que vous avez exprim\u00e9s. 1. Qu\u2019est-ce qu\u2019un cookie ? Un cookie est un","og_url":"https:\/\/millepathotel.com\/index.php\/cookies\/","og_site_name":"Mille Pat&#039;H\u00f4tel","article_modified_time":"2026-04-16T11:07:56+00:00","twitter_card":"summary_large_image","twitter_misc":{"Dur\u00e9e de lecture estim\u00e9e":"2 minutes"},"schema":{"@context":"https:\/\/schema.org","@graph":[{"@type":"WebPage","@id":"https:\/\/millepathotel.com\/index.php\/cookies\/","url":"https:\/\/millepathotel.com\/index.php\/cookies\/","name":"Cookies - Mille Pat&#039;H\u00f4tel","isPartOf":{"@id":"https:\/\/millepathotel.com\/#website"},"datePublished":"2026-04-16T11:07:55+00:00","dateModified":"2026-04-16T11:07:56+00:00","breadcrumb":{"@id":"https:\/\/millepathotel.com\/index.php\/cookies\/#breadcrumb"},"inLanguage":"fr-FR","potentialAction":[{"@type":"ReadAction","target":["https:\/\/millepathotel.com\/index.php\/cookies\/"]}]},{"@type":"BreadcrumbList","@id":"https:\/\/millepathotel.com\/index.php\/cookies\/#breadcrumb","itemListElement":[{"@type":"ListItem","position":1,"name":"Accueil","item":"https:\/\/millepathotel.com\/"},{"@type":"ListItem","position":2,"name":"Cookies"}]},{"@type":"WebSite","@id":"https:\/\/millepathotel.com\/#website","url":"https:\/\/millepathotel.com\/","name":"Mille Pat&#039;H\u00f4tel","description":"Pension canine et f\u00e9line en vend\u00e9e, \u00e0 5mn du Puy du Fou","publisher":{"@id":"https:\/\/millepathotel.com\/#organization"},"potentialAction":[{"@type":"SearchAction","target":{"@type":"EntryPoint","urlTemplate":"https:\/\/millepathotel.com\/?s={search_term_string}"},"query-input":{"@type":"PropertyValueSpecification","valueRequired":true,"valueName":"search_term_string"}}],"inLanguage":"fr-FR"},{"@type":"Organization","@id":"https:\/\/millepathotel.com\/#organization","name":"Mille Pat&#039;H\u00f4tel","url":"https:\/\/millepathotel.com\/","logo":{"@type":"ImageObject","inLanguage":"fr-FR","@id":"https:\/\/millepathotel.com\/#\/schema\/logo\/image\/","url":"https:\/\/millepathotel.com\/wp-content\/uploads\/2025\/10\/cropped-MPH-Logo-RVB.png","contentUrl":"https:\/\/millepathotel.com\/wp-content\/uploads\/2025\/10\/cropped-MPH-Logo-RVB.png","width":2478,"height":622,"caption":"Mille Pat&#039;H\u00f4tel"},"image":{"@id":"https:\/\/millepathotel.com\/#\/schema\/logo\/image\/"}}]}},"_links":{"self":[{"href":"https:\/\/millepathotel.com\/index.php\/wp-json\/wp\/v2\/pages\/809","targetHints":{"allow":["GET"]}}],"collection":[{"href":"https:\/\/millepathotel.com\/index.php\/wp-json\/wp\/v2\/pages"}],"about":[{"href":"https:\/\/millepathotel.com\/index.php\/wp-json\/wp\/v2\/types\/page"}],"author":[{"embeddable":true,"href":"https:\/\/millepathotel.com\/index.php\/wp-json\/wp\/v2\/users\/2"}],"replies":[{"embeddable":true,"href":"https:\/\/millepathotel.com\/index.php\/wp-json\/wp\/v2\/comments?post=809"}],"version-history":[{"count":1,"href":"https:\/\/millepathotel.com\/index.php\/wp-json\/wp\/v2\/pages\/809\/revisions"}],"predecessor-version":[{"id":810,"href":"https:\/\/millepathotel.com\/index.php\/wp-json\/wp\/v2\/pages\/809\/revisions\/810"}],"wp:attachment":[{"href":"https:\/\/millepathotel.com\/index.php\/wp-json\/wp\/v2\/media?parent=809"}],"curies":[{"name":"wp","href":"https:\/\/api.w.org\/{rel}","templated":true}]}}