{"id":790,"date":"2026-04-16T12:24:45","date_gmt":"2026-04-16T10:24:45","guid":{"rendered":"https:\/\/millepathotel.com\/?page_id=790"},"modified":"2026-04-16T12:35:54","modified_gmt":"2026-04-16T10:35:54","slug":"loisirs-canins","status":"publish","type":"page","link":"https:\/\/millepathotel.com\/index.php\/loisirs-canins\/","title":{"rendered":"Loisirs Canins"},"content":{"rendered":"\t\t<div data-elementor-type=\"wp-page\" data-elementor-id=\"790\" class=\"elementor elementor-790\" data-elementor-post-type=\"page\">\n\t\t\t\t<div class=\"elementor-element elementor-element-GTa1ogl e-flex e-con-boxed e-con e-parent\" data-id=\"GTa1ogl\" data-element_type=\"container\" data-e-type=\"container\">\n\t\t\t\t\t<div class=\"e-con-inner\">\n\t\t<div class=\"elementor-element elementor-element-fFHiFp5 e-flex e-con-boxed e-con e-child\" data-id=\"fFHiFp5\" data-element_type=\"container\" data-e-type=\"container\">\n\t\t\t\t\t<div class=\"e-con-inner\">\n\t\t\t\t<div class=\"elementor-element elementor-element-7SdSizq elementor-widget elementor-widget-heading\" data-id=\"7SdSizq\" data-element_type=\"widget\" data-e-type=\"widget\" data-widget_type=\"heading.default\">\n\t\t\t\t\t<h5 class=\"elementor-heading-title elementor-size-default\">Explore Our Services<\/h5>\t\t\t\t<\/div>\n\t\t\t\t<div class=\"elementor-element elementor-element-gaNiNRu elementor-widget elementor-widget-heading\" data-id=\"gaNiNRu\" data-element_type=\"widget\" data-e-type=\"widget\" data-widget_type=\"heading.default\">\n\t\t\t\t\t<h2 class=\"elementor-heading-title elementor-size-default\">| Des espaces pens\u00e9s<div>pour vos chiens |<span style=\"font-family: var( --e-global-typography-primary-font-family ), Sans-serif;font-size: 48px\"><\/span><\/div><\/h2>\t\t\t\t<\/div>\n\t\t\t\t\t<\/div>\n\t\t\t\t<\/div>\n\t\t<div class=\"elementor-element elementor-element-PoXwEld e-flex e-con-boxed e-con e-child\" data-id=\"PoXwEld\" data-element_type=\"container\" data-e-type=\"container\">\n\t\t\t\t\t<div class=\"e-con-inner\">\n\t\t<div class=\"elementor-element elementor-element-3zqFbNp e-con-full e-flex e-con e-child\" data-id=\"3zqFbNp\" data-element_type=\"container\" data-e-type=\"container\">\n\t\t\t\t<div class=\"elementor-element elementor-element-jFvanVF elementor-cta--layout-image-above elementor-cta--skin-classic elementor-animated-content elementor-bg-transform elementor-bg-transform-zoom-in elementor-widget elementor-widget-call-to-action\" data-id=\"jFvanVF\" data-element_type=\"widget\" data-e-type=\"widget\" data-widget_type=\"call-to-action.default\">\n\t\t\t\t\t\t\t<div class=\"elementor-cta\">\n\t\t\t\t\t\t\t<div class=\"elementor-cta__content\">\n\t\t\t\t\n\t\t\t\t\t\t\t\t\t<h3 class=\"elementor-cta__title elementor-cta__content-item elementor-content-item\">\n\t\t\t\t\t\tDaycare Services\t\t\t\t\t<\/h3>\n\t\t\t\t\n\t\t\t\t\t\t\t\t\t<div class=\"elementor-cta__description elementor-cta__content-item elementor-content-item\">\n\t\t\t\t\t\tA safe and fun place for your pets during the day. Guaranteed play, walks, and social activities.\t\t\t\t\t<\/div>\n\t\t\t\t\n\t\t\t\t\t\t\t<\/div>\n\t\t\t\t\t\t<\/div>\n\t\t\t\t\t\t<\/div>\n\t\t\t\t<div class=\"elementor-element elementor-element-Wc2ZmEC elementor-widget__width-auto elementor-widget elementor-widget-button\" data-id=\"Wc2ZmEC\" data-element_type=\"widget\" data-e-type=\"widget\" data-widget_type=\"button.default\">\n\t\t\t\t\t\t\t\t\t\t<a class=\"elementor-button elementor-button-link elementor-size-sm\" href=\"#\">\n\t\t\t\t\t\t<span class=\"elementor-button-content-wrapper\">\n\t\t\t\t\t\t\t\t\t<span class=\"elementor-button-text\">Learn More<\/span>\n\t\t\t\t\t<\/span>\n\t\t\t\t\t<\/a>\n\t\t\t\t\t\t\t\t<\/div>\n\t\t\t\t<\/div>\n\t\t<div class=\"elementor-element elementor-element-hT79Ngj e-con-full e-flex e-con e-child\" data-id=\"hT79Ngj\" data-element_type=\"container\" data-e-type=\"container\">\n\t\t\t\t<div class=\"elementor-element elementor-element-jb6aDW2 elementor-cta--layout-image-above elementor-cta--skin-classic elementor-animated-content elementor-bg-transform elementor-bg-transform-zoom-in elementor-widget elementor-widget-call-to-action\" data-id=\"jb6aDW2\" data-element_type=\"widget\" data-e-type=\"widget\" data-widget_type=\"call-to-action.default\">\n\t\t\t\t\t\t\t<div class=\"elementor-cta\">\n\t\t\t\t\t\t\t<div class=\"elementor-cta__content\">\n\t\t\t\t\n\t\t\t\t\t\t\t\t\t<h3 class=\"elementor-cta__title elementor-cta__content-item elementor-content-item\">\n\t\t\t\t\t\tOvernight Boarding\t\t\t\t\t<\/h3>\n\t\t\t\t\n\t\t\t\t\t\t\t\t\t<div class=\"elementor-cta__description elementor-cta__content-item elementor-content-item\">\n\t\t\t\t\t\tWarm rooms where your pet feels at home. 24\/7 monitoring for your peace of mind.\t\t\t\t\t<\/div>\n\t\t\t\t\n\t\t\t\t\t\t\t<\/div>\n\t\t\t\t\t\t<\/div>\n\t\t\t\t\t\t<\/div>\n\t\t\t\t<div class=\"elementor-element elementor-element-S7FzsLC elementor-widget__width-auto elementor-widget elementor-widget-button\" data-id=\"S7FzsLC\" data-element_type=\"widget\" data-e-type=\"widget\" data-widget_type=\"button.default\">\n\t\t\t\t\t\t\t\t\t\t<a class=\"elementor-button elementor-button-link elementor-size-sm\" href=\"#\">\n\t\t\t\t\t\t<span class=\"elementor-button-content-wrapper\">\n\t\t\t\t\t\t\t\t\t<span class=\"elementor-button-text\">Learn More<\/span>\n\t\t\t\t\t<\/span>\n\t\t\t\t\t<\/a>\n\t\t\t\t\t\t\t\t<\/div>\n\t\t\t\t<\/div>\n\t\t<div class=\"elementor-element elementor-element-xNQtKAb e-con-full e-flex e-con e-child\" data-id=\"xNQtKAb\" data-element_type=\"container\" data-e-type=\"container\">\n\t\t\t\t<div class=\"elementor-element elementor-element-ceJiwtG elementor-cta--layout-image-above elementor-cta--skin-classic elementor-animated-content elementor-bg-transform elementor-bg-transform-zoom-in elementor-widget elementor-widget-call-to-action\" data-id=\"ceJiwtG\" data-element_type=\"widget\" data-e-type=\"widget\" data-widget_type=\"call-to-action.default\">\n\t\t\t\t\t\t\t<div class=\"elementor-cta\">\n\t\t\t\t\t\t\t<div class=\"elementor-cta__content\">\n\t\t\t\t\n\t\t\t\t\t\t\t\t\t<h3 class=\"elementor-cta__title elementor-cta__content-item elementor-content-item\">\n\t\t\t\t\t\tPersonalized Care\t\t\t\t\t<\/h3>\n\t\t\t\t\n\t\t\t\t\t\t\t\t\t<div class=\"elementor-cta__description elementor-cta__content-item elementor-content-item\">\n\t\t\t\t\t\tEvery pet is unique! We provide tailored care to meet their specific needs.\t\t\t\t\t<\/div>\n\t\t\t\t\n\t\t\t\t\t\t\t<\/div>\n\t\t\t\t\t\t<\/div>\n\t\t\t\t\t\t<\/div>\n\t\t\t\t<div class=\"elementor-element elementor-element-RFv0o9q elementor-widget__width-auto elementor-widget elementor-widget-button\" data-id=\"RFv0o9q\" data-element_type=\"widget\" data-e-type=\"widget\" data-widget_type=\"button.default\">\n\t\t\t\t\t\t\t\t\t\t<a class=\"elementor-button elementor-button-link elementor-size-sm\" href=\"#\">\n\t\t\t\t\t\t<span class=\"elementor-button-content-wrapper\">\n\t\t\t\t\t\t\t\t\t<span class=\"elementor-button-text\">Learn More<\/span>\n\t\t\t\t\t<\/span>\n\t\t\t\t\t<\/a>\n\t\t\t\t\t\t\t\t<\/div>\n\t\t\t\t<\/div>\n\t\t\t\t\t<\/div>\n\t\t\t\t<\/div>\n\t\t\t\t\t<\/div>\n\t\t\t\t<\/div>\n\t\t\t\t<\/div>\n\t\t","protected":false},"excerpt":{"rendered":"<p>Explore Our Services | Des espaces pens\u00e9spour vos chiens | Daycare Services A safe and fun place for your pets during the day. Guaranteed play, walks, and social activities. Learn More Overnight Boarding Warm rooms where your pet feels at<\/p>\n","protected":false},"author":2,"featured_media":0,"parent":0,"menu_order":0,"comment_status":"closed","ping_status":"closed","template":"","meta":{"footnotes":""},"class_list":["post-790","page","type-page","status-publish","hentry"],"yoast_head":"<!-- This site is optimized with the Yoast SEO plugin v27.4 - https:\/\/yoast.com\/product\/yoast-seo-wordpress\/ -->\n<title>Loisirs Canins - Mille Pat&#039;H\u00f4tel<\/title>\n<meta name=\"robots\" content=\"index, follow, max-snippet:-1, max-image-preview:large, max-video-preview:-1\" \/>\n<link rel=\"canonical\" href=\"https:\/\/millepathotel.com\/index.php\/loisirs-canins\/\" \/>\n<meta property=\"og:locale\" content=\"fr_FR\" \/>\n<meta property=\"og:type\" content=\"article\" \/>\n<meta property=\"og:title\" content=\"Loisirs Canins - Mille Pat&#039;H\u00f4tel\" \/>\n<meta property=\"og:description\" content=\"Explore Our Services | Des espaces pens\u00e9spour vos chiens | Daycare Services A safe and fun place for your pets during the day. Guaranteed play, walks, and social activities. Learn More Overnight Boarding Warm rooms where your pet feels at\" \/>\n<meta property=\"og:url\" content=\"https:\/\/millepathotel.com\/index.php\/loisirs-canins\/\" \/>\n<meta property=\"og:site_name\" content=\"Mille Pat&#039;H\u00f4tel\" \/>\n<meta property=\"article:modified_time\" content=\"2026-04-16T10:35:54+00:00\" \/>\n<meta name=\"twitter:card\" content=\"summary_large_image\" \/>\n<script type=\"application\/ld+json\" class=\"yoast-schema-graph\">{\"@context\":\"https:\\\/\\\/schema.org\",\"@graph\":[{\"@type\":\"WebPage\",\"@id\":\"https:\\\/\\\/millepathotel.com\\\/index.php\\\/loisirs-canins\\\/\",\"url\":\"https:\\\/\\\/millepathotel.com\\\/index.php\\\/loisirs-canins\\\/\",\"name\":\"Loisirs Canins - Mille Pat&#039;H\u00f4tel\",\"isPartOf\":{\"@id\":\"https:\\\/\\\/millepathotel.com\\\/#website\"},\"datePublished\":\"2026-04-16T10:24:45+00:00\",\"dateModified\":\"2026-04-16T10:35:54+00:00\",\"breadcrumb\":{\"@id\":\"https:\\\/\\\/millepathotel.com\\\/index.php\\\/loisirs-canins\\\/#breadcrumb\"},\"inLanguage\":\"fr-FR\",\"potentialAction\":[{\"@type\":\"ReadAction\",\"target\":[\"https:\\\/\\\/millepathotel.com\\\/index.php\\\/loisirs-canins\\\/\"]}]},{\"@type\":\"BreadcrumbList\",\"@id\":\"https:\\\/\\\/millepathotel.com\\\/index.php\\\/loisirs-canins\\\/#breadcrumb\",\"itemListElement\":[{\"@type\":\"ListItem\",\"position\":1,\"name\":\"Accueil\",\"item\":\"https:\\\/\\\/millepathotel.com\\\/\"},{\"@type\":\"ListItem\",\"position\":2,\"name\":\"Loisirs Canins\"}]},{\"@type\":\"WebSite\",\"@id\":\"https:\\\/\\\/millepathotel.com\\\/#website\",\"url\":\"https:\\\/\\\/millepathotel.com\\\/\",\"name\":\"Mille Pat&#039;H\u00f4tel\",\"description\":\"Pension canine et f\u00e9line en vend\u00e9e, \u00e0 5mn du Puy du Fou\",\"publisher\":{\"@id\":\"https:\\\/\\\/millepathotel.com\\\/#organization\"},\"potentialAction\":[{\"@type\":\"SearchAction\",\"target\":{\"@type\":\"EntryPoint\",\"urlTemplate\":\"https:\\\/\\\/millepathotel.com\\\/?s={search_term_string}\"},\"query-input\":{\"@type\":\"PropertyValueSpecification\",\"valueRequired\":true,\"valueName\":\"search_term_string\"}}],\"inLanguage\":\"fr-FR\"},{\"@type\":\"Organization\",\"@id\":\"https:\\\/\\\/millepathotel.com\\\/#organization\",\"name\":\"Mille Pat&#039;H\u00f4tel\",\"url\":\"https:\\\/\\\/millepathotel.com\\\/\",\"logo\":{\"@type\":\"ImageObject\",\"inLanguage\":\"fr-FR\",\"@id\":\"https:\\\/\\\/millepathotel.com\\\/#\\\/schema\\\/logo\\\/image\\\/\",\"url\":\"https:\\\/\\\/millepathotel.com\\\/wp-content\\\/uploads\\\/2025\\\/10\\\/cropped-MPH-Logo-RVB.png\",\"contentUrl\":\"https:\\\/\\\/millepathotel.com\\\/wp-content\\\/uploads\\\/2025\\\/10\\\/cropped-MPH-Logo-RVB.png\",\"width\":2478,\"height\":622,\"caption\":\"Mille Pat&#039;H\u00f4tel\"},\"image\":{\"@id\":\"https:\\\/\\\/millepathotel.com\\\/#\\\/schema\\\/logo\\\/image\\\/\"}}]}<\/script>\n<!-- \/ Yoast SEO plugin. -->","yoast_head_json":{"title":"Loisirs Canins - Mille Pat&#039;H\u00f4tel","robots":{"index":"index","follow":"follow","max-snippet":"max-snippet:-1","max-image-preview":"max-image-preview:large","max-video-preview":"max-video-preview:-1"},"canonical":"https:\/\/millepathotel.com\/index.php\/loisirs-canins\/","og_locale":"fr_FR","og_type":"article","og_title":"Loisirs Canins - Mille Pat&#039;H\u00f4tel","og_description":"Explore Our Services | Des espaces pens\u00e9spour vos chiens | Daycare Services A safe and fun place for your pets during the day. Guaranteed play, walks, and social activities. Learn More Overnight Boarding Warm rooms where your pet feels at","og_url":"https:\/\/millepathotel.com\/index.php\/loisirs-canins\/","og_site_name":"Mille Pat&#039;H\u00f4tel","article_modified_time":"2026-04-16T10:35:54+00:00","twitter_card":"summary_large_image","schema":{"@context":"https:\/\/schema.org","@graph":[{"@type":"WebPage","@id":"https:\/\/millepathotel.com\/index.php\/loisirs-canins\/","url":"https:\/\/millepathotel.com\/index.php\/loisirs-canins\/","name":"Loisirs Canins - Mille Pat&#039;H\u00f4tel","isPartOf":{"@id":"https:\/\/millepathotel.com\/#website"},"datePublished":"2026-04-16T10:24:45+00:00","dateModified":"2026-04-16T10:35:54+00:00","breadcrumb":{"@id":"https:\/\/millepathotel.com\/index.php\/loisirs-canins\/#breadcrumb"},"inLanguage":"fr-FR","potentialAction":[{"@type":"ReadAction","target":["https:\/\/millepathotel.com\/index.php\/loisirs-canins\/"]}]},{"@type":"BreadcrumbList","@id":"https:\/\/millepathotel.com\/index.php\/loisirs-canins\/#breadcrumb","itemListElement":[{"@type":"ListItem","position":1,"name":"Accueil","item":"https:\/\/millepathotel.com\/"},{"@type":"ListItem","position":2,"name":"Loisirs Canins"}]},{"@type":"WebSite","@id":"https:\/\/millepathotel.com\/#website","url":"https:\/\/millepathotel.com\/","name":"Mille Pat&#039;H\u00f4tel","description":"Pension canine et f\u00e9line en vend\u00e9e, \u00e0 5mn du Puy du Fou","publisher":{"@id":"https:\/\/millepathotel.com\/#organization"},"potentialAction":[{"@type":"SearchAction","target":{"@type":"EntryPoint","urlTemplate":"https:\/\/millepathotel.com\/?s={search_term_string}"},"query-input":{"@type":"PropertyValueSpecification","valueRequired":true,"valueName":"search_term_string"}}],"inLanguage":"fr-FR"},{"@type":"Organization","@id":"https:\/\/millepathotel.com\/#organization","name":"Mille Pat&#039;H\u00f4tel","url":"https:\/\/millepathotel.com\/","logo":{"@type":"ImageObject","inLanguage":"fr-FR","@id":"https:\/\/millepathotel.com\/#\/schema\/logo\/image\/","url":"https:\/\/millepathotel.com\/wp-content\/uploads\/2025\/10\/cropped-MPH-Logo-RVB.png","contentUrl":"https:\/\/millepathotel.com\/wp-content\/uploads\/2025\/10\/cropped-MPH-Logo-RVB.png","width":2478,"height":622,"caption":"Mille Pat&#039;H\u00f4tel"},"image":{"@id":"https:\/\/millepathotel.com\/#\/schema\/logo\/image\/"}}]}},"_links":{"self":[{"href":"https:\/\/millepathotel.com\/index.php\/wp-json\/wp\/v2\/pages\/790","targetHints":{"allow":["GET"]}}],"collection":[{"href":"https:\/\/millepathotel.com\/index.php\/wp-json\/wp\/v2\/pages"}],"about":[{"href":"https:\/\/millepathotel.com\/index.php\/wp-json\/wp\/v2\/types\/page"}],"author":[{"embeddable":true,"href":"https:\/\/millepathotel.com\/index.php\/wp-json\/wp\/v2\/users\/2"}],"replies":[{"embeddable":true,"href":"https:\/\/millepathotel.com\/index.php\/wp-json\/wp\/v2\/comments?post=790"}],"version-history":[{"count":8,"href":"https:\/\/millepathotel.com\/index.php\/wp-json\/wp\/v2\/pages\/790\/revisions"}],"predecessor-version":[{"id":799,"href":"https:\/\/millepathotel.com\/index.php\/wp-json\/wp\/v2\/pages\/790\/revisions\/799"}],"wp:attachment":[{"href":"https:\/\/millepathotel.com\/index.php\/wp-json\/wp\/v2\/media?parent=790"}],"curies":[{"name":"wp","href":"https:\/\/api.w.org\/{rel}","templated":true}]}}