{"id":58,"date":"2018-01-27T09:47:49","date_gmt":"2018-01-27T08:47:49","guid":{"rendered":"http:\/\/millepathotel.com\/?page_id=58"},"modified":"2026-04-16T10:56:37","modified_gmt":"2026-04-16T08:56:37","slug":"pension-chiens","status":"publish","type":"page","link":"https:\/\/millepathotel.com\/index.php\/pension-chiens\/","title":{"rendered":"Pension canine"},"content":{"rendered":"\t\t<div data-elementor-type=\"wp-page\" data-elementor-id=\"58\" class=\"elementor elementor-58\" data-elementor-post-type=\"page\">\n\t\t\t\t<div class=\"elementor-element elementor-element-188e84d3 e-flex e-con-boxed e-con e-parent\" data-id=\"188e84d3\" data-element_type=\"container\" data-e-type=\"container\">\n\t\t\t\t\t<div class=\"e-con-inner\">\n\t\t\t\t<div class=\"elementor-element elementor-element-b4b5754 elementor-widget elementor-widget-text-editor\" data-id=\"b4b5754\" data-element_type=\"widget\" data-e-type=\"widget\" data-widget_type=\"text-editor.default\">\n\t\t\t\t\t\t\t\t\t\n<h1 class=\"wp-block-heading has-text-align-center has-luminous-vivid-amber-color has-text-color has-link-color wp-elements-9b9573244ac22167397999a64d7da942\" style=\"font-size: 35px; font-style: normal; font-weight: 200; letter-spacing: 8px; text-transform: uppercase;\">| PENSION CANINE |<\/h1>\n\n<p>Un s\u00e9jour \u00e0 Mille Pat\u2019H\u00f4tel, c\u2019est un peu les vacances pour votre chien quand vous ne pouvez pas l\u2019emmener (voyage, hospitalisation, d\u00e9placement\u2026).<br \/>Ici, il rencontre d\u2019autres compagnons de toutes tailles et profite d\u2019un cadre adapt\u00e9, entre d\u00e9tente, jeux et c\u00e2lins.<\/p>\n\n<div class=\"wp-block-group is-nowrap is-layout-flex wp-container-core-group-is-layout-6c531013 wp-block-group-is-layout-flex\">\n<figure class=\"wp-block-image size-large is-resized has-custom-border is-style-default wp-container-content-9cfa9a5a wp-duotone-unset-2\" style=\"margin-top: 0; margin-bottom: 0;\"><img fetchpriority=\"high\" decoding=\"async\" width=\"1024\" height=\"768\" class=\"wp-image-330\" style=\"border-style: none; border-width: 0px; border-radius: 10px; aspect-ratio: 16\/9; object-fit: cover; width: 743px; height: auto;\" src=\"https:\/\/millepathotel.com\/wp-content\/uploads\/2025\/10\/IMG_20250430_194723721-1024x768.jpg\" alt=\"\" srcset=\"https:\/\/millepathotel.com\/wp-content\/uploads\/2025\/10\/IMG_20250430_194723721-1024x768.jpg 1024w, https:\/\/millepathotel.com\/wp-content\/uploads\/2025\/10\/IMG_20250430_194723721-300x225.jpg 300w, https:\/\/millepathotel.com\/wp-content\/uploads\/2025\/10\/IMG_20250430_194723721-768x576.jpg 768w, https:\/\/millepathotel.com\/wp-content\/uploads\/2025\/10\/IMG_20250430_194723721-1536x1152.jpg 1536w, https:\/\/millepathotel.com\/wp-content\/uploads\/2025\/10\/IMG_20250430_194723721-2048x1536.jpg 2048w\" sizes=\"(max-width: 1024px) 100vw, 1024px\" \/><\/figure>\n<\/div>\n\n<h2 class=\"wp-block-heading\" style=\"border-style: none; border-width: 0px; font-size: 25px; font-style: normal; font-weight: 200; letter-spacing: 8px; text-transform: uppercase;\">LA JOURN\u00c9E TYPE<\/h2>\n\n<ul class=\"wp-block-list\">\n<li>Sorties quotidiennes : plusieurs passages dans des parcs en herbe attenants aux boxes (minimum 3h par jour).<\/li>\n\n<li>Promenades en laisse (20 min) organis\u00e9es \u00e0 tour de r\u00f4le sur les chemins alentours, selon la m\u00e9t\u00e9o et la dur\u00e9e du s\u00e9jour.<\/li>\n\n<li>Moments de jeux en libert\u00e9 dans l\u2019espace agility, parfois avec Tango, le chien de la maison.<\/li>\n\n<li>Repas du soir servis entre 17h30 et 19h, suivis d\u2019une derni\u00e8re sortie et d\u2019une friandise.<\/li>\n<\/ul>\n\n<h2 class=\"wp-block-heading\" style=\"font-size: 25px; font-style: normal; font-weight: 200; letter-spacing: 8px; text-transform: uppercase;\">L\u2019h\u00e9bergement<\/h2>\n\n<ul class=\"wp-block-list\">\n<li>B\u00e2timent de 368 m\u00b2 d\u00e9di\u00e9 aux chiens.<\/li>\n\n<li>30 boxes individuels de 10 m\u00b2, enti\u00e8rement couverts et \u00e9quip\u00e9s d\u2019un couchage.<\/li>\n\n<li>Espaces ext\u00e9rieurs en herbe, directement accessibles depuis les boxes.<\/li>\n\n<li>Brumisateur en cas de forte chaleur.<\/li>\n\n<li>Vous pouvez apporter les affaires personnelles de votre chien (propres et adapt\u00e9es).<\/li>\n<\/ul>\n\n<h2 class=\"wp-block-heading\" style=\"font-style: normal; font-weight: 200; letter-spacing: 8px; text-transform: uppercase;\">Sant\u00e9<\/h2>\n\n<ul class=\"wp-block-list\">\n<li>Carnet de sant\u00e9 obligatoire, avec vaccins \u00e0 jour (datant de plus de 15 jours et de moins d\u2019un an).<\/li>\n\n<li>Maladie de Carr\u00e9, Parvovirose, Leptospirose, Toux du chenil.<\/li>\n\n<li>Traitements m\u00e9dicaux administr\u00e9s sans surco\u00fbt (sur pr\u00e9sentation d\u2019ordonnance et si l\u2019animal coop\u00e8re).<\/li>\n<\/ul>\n\n<h2 class=\"wp-block-heading\" style=\"font-size: 25px; font-style: normal; font-weight: 200; letter-spacing: 8px; text-transform: uppercase;\">Alimentation<\/h2>\n\n<ul class=\"wp-block-list\">\n<li>Nous conseillons de fournir l\u2019alimentation habituelle de votre chien.<br \/>Si besoin, nous proposons des croquettes sans c\u00e9r\u00e9ales Belcando, incluses dans le s\u00e9jour.<\/li>\n<\/ul>\n\t\t\t\t\t\t\t\t<\/div>\n\t\t\t\t\t<\/div>\n\t\t\t\t<\/div>\n\t\t\t\t<\/div>\n\t\t","protected":false},"excerpt":{"rendered":"<p>| PENSION CANINE | Un s\u00e9jour \u00e0 Mille Pat\u2019H\u00f4tel, c\u2019est un peu les vacances pour votre chien quand vous ne pouvez pas l\u2019emmener (voyage, hospitalisation, d\u00e9placement\u2026).Ici, il rencontre d\u2019autres compagnons de toutes tailles et profite d\u2019un cadre adapt\u00e9, entre d\u00e9tente,<\/p>\n","protected":false},"author":1,"featured_media":330,"parent":0,"menu_order":0,"comment_status":"closed","ping_status":"closed","template":"","meta":{"footnotes":""},"class_list":["post-58","page","type-page","status-publish","has-post-thumbnail","hentry"],"yoast_head":"<!-- This site is optimized with the Yoast SEO plugin v27.5 - https:\/\/yoast.com\/product\/yoast-seo-wordpress\/ -->\n<title>Pension canine - Mille Pat&#039;H\u00f4tel<\/title>\n<meta name=\"robots\" content=\"index, follow, max-snippet:-1, max-image-preview:large, max-video-preview:-1\" \/>\n<link rel=\"canonical\" href=\"https:\/\/millepathotel.com\/index.php\/pension-chiens\/\" \/>\n<meta property=\"og:locale\" content=\"fr_FR\" \/>\n<meta property=\"og:type\" content=\"article\" \/>\n<meta property=\"og:title\" content=\"Pension canine - Mille Pat&#039;H\u00f4tel\" \/>\n<meta property=\"og:description\" content=\"| PENSION CANINE | Un s\u00e9jour \u00e0 Mille Pat\u2019H\u00f4tel, c\u2019est un peu les vacances pour votre chien quand vous ne pouvez pas l\u2019emmener (voyage, hospitalisation, d\u00e9placement\u2026).Ici, il rencontre d\u2019autres compagnons de toutes tailles et profite d\u2019un cadre adapt\u00e9, entre d\u00e9tente,\" \/>\n<meta property=\"og:url\" content=\"https:\/\/millepathotel.com\/index.php\/pension-chiens\/\" \/>\n<meta property=\"og:site_name\" content=\"Mille Pat&#039;H\u00f4tel\" \/>\n<meta property=\"article:modified_time\" content=\"2026-04-16T08:56:37+00:00\" \/>\n<meta property=\"og:image\" content=\"https:\/\/millepathotel.com\/wp-content\/uploads\/2025\/10\/IMG_20250430_194723721-scaled.jpg\" \/>\n\t<meta property=\"og:image:width\" content=\"2560\" \/>\n\t<meta property=\"og:image:height\" content=\"1920\" \/>\n\t<meta property=\"og:image:type\" content=\"image\/jpeg\" \/>\n<meta name=\"twitter:card\" content=\"summary_large_image\" \/>\n<meta name=\"twitter:label1\" content=\"Dur\u00e9e de lecture estim\u00e9e\" \/>\n\t<meta name=\"twitter:data1\" content=\"1 minute\" \/>\n<script type=\"application\/ld+json\" class=\"yoast-schema-graph\">{\"@context\":\"https:\\\/\\\/schema.org\",\"@graph\":[{\"@type\":\"WebPage\",\"@id\":\"https:\\\/\\\/millepathotel.com\\\/index.php\\\/pension-chiens\\\/\",\"url\":\"https:\\\/\\\/millepathotel.com\\\/index.php\\\/pension-chiens\\\/\",\"name\":\"Pension canine - Mille Pat&#039;H\u00f4tel\",\"isPartOf\":{\"@id\":\"https:\\\/\\\/millepathotel.com\\\/#website\"},\"primaryImageOfPage\":{\"@id\":\"https:\\\/\\\/millepathotel.com\\\/index.php\\\/pension-chiens\\\/#primaryimage\"},\"image\":{\"@id\":\"https:\\\/\\\/millepathotel.com\\\/index.php\\\/pension-chiens\\\/#primaryimage\"},\"thumbnailUrl\":\"https:\\\/\\\/millepathotel.com\\\/wp-content\\\/uploads\\\/2025\\\/10\\\/IMG_20250430_194723721-scaled.jpg\",\"datePublished\":\"2018-01-27T08:47:49+00:00\",\"dateModified\":\"2026-04-16T08:56:37+00:00\",\"breadcrumb\":{\"@id\":\"https:\\\/\\\/millepathotel.com\\\/index.php\\\/pension-chiens\\\/#breadcrumb\"},\"inLanguage\":\"fr-FR\",\"potentialAction\":[{\"@type\":\"ReadAction\",\"target\":[\"https:\\\/\\\/millepathotel.com\\\/index.php\\\/pension-chiens\\\/\"]}]},{\"@type\":\"ImageObject\",\"inLanguage\":\"fr-FR\",\"@id\":\"https:\\\/\\\/millepathotel.com\\\/index.php\\\/pension-chiens\\\/#primaryimage\",\"url\":\"https:\\\/\\\/millepathotel.com\\\/wp-content\\\/uploads\\\/2025\\\/10\\\/IMG_20250430_194723721-scaled.jpg\",\"contentUrl\":\"https:\\\/\\\/millepathotel.com\\\/wp-content\\\/uploads\\\/2025\\\/10\\\/IMG_20250430_194723721-scaled.jpg\",\"width\":2560,\"height\":1920},{\"@type\":\"BreadcrumbList\",\"@id\":\"https:\\\/\\\/millepathotel.com\\\/index.php\\\/pension-chiens\\\/#breadcrumb\",\"itemListElement\":[{\"@type\":\"ListItem\",\"position\":1,\"name\":\"Accueil\",\"item\":\"https:\\\/\\\/millepathotel.com\\\/\"},{\"@type\":\"ListItem\",\"position\":2,\"name\":\"Pension canine\"}]},{\"@type\":\"WebSite\",\"@id\":\"https:\\\/\\\/millepathotel.com\\\/#website\",\"url\":\"https:\\\/\\\/millepathotel.com\\\/\",\"name\":\"Mille Pat&#039;H\u00f4tel\",\"description\":\"Pension canine et f\u00e9line en vend\u00e9e, \u00e0 5mn du Puy du Fou\",\"publisher\":{\"@id\":\"https:\\\/\\\/millepathotel.com\\\/#organization\"},\"potentialAction\":[{\"@type\":\"SearchAction\",\"target\":{\"@type\":\"EntryPoint\",\"urlTemplate\":\"https:\\\/\\\/millepathotel.com\\\/?s={search_term_string}\"},\"query-input\":{\"@type\":\"PropertyValueSpecification\",\"valueRequired\":true,\"valueName\":\"search_term_string\"}}],\"inLanguage\":\"fr-FR\"},{\"@type\":\"Organization\",\"@id\":\"https:\\\/\\\/millepathotel.com\\\/#organization\",\"name\":\"Mille Pat&#039;H\u00f4tel\",\"url\":\"https:\\\/\\\/millepathotel.com\\\/\",\"logo\":{\"@type\":\"ImageObject\",\"inLanguage\":\"fr-FR\",\"@id\":\"https:\\\/\\\/millepathotel.com\\\/#\\\/schema\\\/logo\\\/image\\\/\",\"url\":\"https:\\\/\\\/millepathotel.com\\\/wp-content\\\/uploads\\\/2025\\\/10\\\/cropped-MPH-Logo-RVB.png\",\"contentUrl\":\"https:\\\/\\\/millepathotel.com\\\/wp-content\\\/uploads\\\/2025\\\/10\\\/cropped-MPH-Logo-RVB.png\",\"width\":2478,\"height\":622,\"caption\":\"Mille Pat&#039;H\u00f4tel\"},\"image\":{\"@id\":\"https:\\\/\\\/millepathotel.com\\\/#\\\/schema\\\/logo\\\/image\\\/\"}}]}<\/script>\n<!-- \/ Yoast SEO plugin. -->","yoast_head_json":{"title":"Pension canine - Mille Pat&#039;H\u00f4tel","robots":{"index":"index","follow":"follow","max-snippet":"max-snippet:-1","max-image-preview":"max-image-preview:large","max-video-preview":"max-video-preview:-1"},"canonical":"https:\/\/millepathotel.com\/index.php\/pension-chiens\/","og_locale":"fr_FR","og_type":"article","og_title":"Pension canine - Mille Pat&#039;H\u00f4tel","og_description":"| PENSION CANINE | Un s\u00e9jour \u00e0 Mille Pat\u2019H\u00f4tel, c\u2019est un peu les vacances pour votre chien quand vous ne pouvez pas l\u2019emmener (voyage, hospitalisation, d\u00e9placement\u2026).Ici, il rencontre d\u2019autres compagnons de toutes tailles et profite d\u2019un cadre adapt\u00e9, entre d\u00e9tente,","og_url":"https:\/\/millepathotel.com\/index.php\/pension-chiens\/","og_site_name":"Mille Pat&#039;H\u00f4tel","article_modified_time":"2026-04-16T08:56:37+00:00","og_image":[{"width":2560,"height":1920,"url":"https:\/\/millepathotel.com\/wp-content\/uploads\/2025\/10\/IMG_20250430_194723721-scaled.jpg","type":"image\/jpeg"}],"twitter_card":"summary_large_image","twitter_misc":{"Dur\u00e9e de lecture estim\u00e9e":"1 minute"},"schema":{"@context":"https:\/\/schema.org","@graph":[{"@type":"WebPage","@id":"https:\/\/millepathotel.com\/index.php\/pension-chiens\/","url":"https:\/\/millepathotel.com\/index.php\/pension-chiens\/","name":"Pension canine - Mille Pat&#039;H\u00f4tel","isPartOf":{"@id":"https:\/\/millepathotel.com\/#website"},"primaryImageOfPage":{"@id":"https:\/\/millepathotel.com\/index.php\/pension-chiens\/#primaryimage"},"image":{"@id":"https:\/\/millepathotel.com\/index.php\/pension-chiens\/#primaryimage"},"thumbnailUrl":"https:\/\/millepathotel.com\/wp-content\/uploads\/2025\/10\/IMG_20250430_194723721-scaled.jpg","datePublished":"2018-01-27T08:47:49+00:00","dateModified":"2026-04-16T08:56:37+00:00","breadcrumb":{"@id":"https:\/\/millepathotel.com\/index.php\/pension-chiens\/#breadcrumb"},"inLanguage":"fr-FR","potentialAction":[{"@type":"ReadAction","target":["https:\/\/millepathotel.com\/index.php\/pension-chiens\/"]}]},{"@type":"ImageObject","inLanguage":"fr-FR","@id":"https:\/\/millepathotel.com\/index.php\/pension-chiens\/#primaryimage","url":"https:\/\/millepathotel.com\/wp-content\/uploads\/2025\/10\/IMG_20250430_194723721-scaled.jpg","contentUrl":"https:\/\/millepathotel.com\/wp-content\/uploads\/2025\/10\/IMG_20250430_194723721-scaled.jpg","width":2560,"height":1920},{"@type":"BreadcrumbList","@id":"https:\/\/millepathotel.com\/index.php\/pension-chiens\/#breadcrumb","itemListElement":[{"@type":"ListItem","position":1,"name":"Accueil","item":"https:\/\/millepathotel.com\/"},{"@type":"ListItem","position":2,"name":"Pension canine"}]},{"@type":"WebSite","@id":"https:\/\/millepathotel.com\/#website","url":"https:\/\/millepathotel.com\/","name":"Mille Pat&#039;H\u00f4tel","description":"Pension canine et f\u00e9line en vend\u00e9e, \u00e0 5mn du Puy du Fou","publisher":{"@id":"https:\/\/millepathotel.com\/#organization"},"potentialAction":[{"@type":"SearchAction","target":{"@type":"EntryPoint","urlTemplate":"https:\/\/millepathotel.com\/?s={search_term_string}"},"query-input":{"@type":"PropertyValueSpecification","valueRequired":true,"valueName":"search_term_string"}}],"inLanguage":"fr-FR"},{"@type":"Organization","@id":"https:\/\/millepathotel.com\/#organization","name":"Mille Pat&#039;H\u00f4tel","url":"https:\/\/millepathotel.com\/","logo":{"@type":"ImageObject","inLanguage":"fr-FR","@id":"https:\/\/millepathotel.com\/#\/schema\/logo\/image\/","url":"https:\/\/millepathotel.com\/wp-content\/uploads\/2025\/10\/cropped-MPH-Logo-RVB.png","contentUrl":"https:\/\/millepathotel.com\/wp-content\/uploads\/2025\/10\/cropped-MPH-Logo-RVB.png","width":2478,"height":622,"caption":"Mille Pat&#039;H\u00f4tel"},"image":{"@id":"https:\/\/millepathotel.com\/#\/schema\/logo\/image\/"}}]}},"_links":{"self":[{"href":"https:\/\/millepathotel.com\/index.php\/wp-json\/wp\/v2\/pages\/58","targetHints":{"allow":["GET"]}}],"collection":[{"href":"https:\/\/millepathotel.com\/index.php\/wp-json\/wp\/v2\/pages"}],"about":[{"href":"https:\/\/millepathotel.com\/index.php\/wp-json\/wp\/v2\/types\/page"}],"author":[{"embeddable":true,"href":"https:\/\/millepathotel.com\/index.php\/wp-json\/wp\/v2\/users\/1"}],"replies":[{"embeddable":true,"href":"https:\/\/millepathotel.com\/index.php\/wp-json\/wp\/v2\/comments?post=58"}],"version-history":[{"count":56,"href":"https:\/\/millepathotel.com\/index.php\/wp-json\/wp\/v2\/pages\/58\/revisions"}],"predecessor-version":[{"id":730,"href":"https:\/\/millepathotel.com\/index.php\/wp-json\/wp\/v2\/pages\/58\/revisions\/730"}],"wp:featuredmedia":[{"embeddable":true,"href":"https:\/\/millepathotel.com\/index.php\/wp-json\/wp\/v2\/media\/330"}],"wp:attachment":[{"href":"https:\/\/millepathotel.com\/index.php\/wp-json\/wp\/v2\/media?parent=58"}],"curies":[{"name":"wp","href":"https:\/\/api.w.org\/{rel}","templated":true}]}}