{"id":538,"date":"2025-11-14T12:46:37","date_gmt":"2025-11-14T11:46:37","guid":{"rendered":"https:\/\/millepathotel.com\/?page_id=538"},"modified":"2026-02-27T10:54:25","modified_gmt":"2026-02-27T09:54:25","slug":"dog-wash","status":"publish","type":"page","link":"https:\/\/millepathotel.com\/index.php\/dog-wash\/","title":{"rendered":"Dog Wash"},"content":{"rendered":"\t\t<div data-elementor-type=\"wp-page\" data-elementor-id=\"538\" class=\"elementor elementor-538\" data-elementor-post-type=\"page\">\n\t\t\t\t<div class=\"elementor-element elementor-element-188e84d3 e-flex e-con-boxed e-con e-parent\" data-id=\"188e84d3\" data-element_type=\"container\" data-e-type=\"container\">\n\t\t\t\t\t<div class=\"e-con-inner\">\n\t\t\t\t<div class=\"elementor-element elementor-element-b4b5754 elementor-widget elementor-widget-text-editor\" data-id=\"b4b5754\" data-element_type=\"widget\" data-e-type=\"widget\" data-widget_type=\"text-editor.default\">\n\t\t\t\t\t\t\t\t\t<h1 class=\"wp-block-heading has-text-align-center has-luminous-vivid-amber-color has-text-color has-link-color\" style=\"font-size: 35px; font-style: normal; font-weight: 200; letter-spacing: 8px; text-transform: uppercase;\">| dog wash |<\/h1>\n<p><b>Une nouveaut\u00e9 qui va faire mousser votre toutou !<\/b><\/p>\n<p>Chez Mille Pat\u2019H\u00f4tel, on pense autant au confort de votre compagnon qu\u2019\u00e0 votre tranquillit\u00e9.<br \/>D\u00e9couvrez notre <b>Dog Wash en libre-service<\/b>, simple, pratique et accessible \u00e0 tous !<\/p>\n<p><b>Un espace complet pour laver votre chien en toute simplicit\u00e9<\/b><\/p>\n<p>Dans notre cabine de lavage, vous trouverez tout ce qu\u2019il faut pour un nettoyage efficace et tout en douceur :<\/p>\n<p><!-- \/wp:heading --><!-- wp:list --><\/p>\n<ul class=\"wp-block-list\">\n<li style=\"list-style-type: none;\">\n<ul class=\"wp-block-list\"><!-- wp:list-item --><\/ul>\n<\/li>\n<\/ul>\n<ul>\n<li style=\"list-style-type: none;\">\n<ul class=\"wp-block-list\">\n<li>\n<p><b>Shampoing<\/b><\/p>\n<\/li>\n<li>\n<p><b><\/b><b><\/b><b>Rin\u00e7age<\/b><\/p>\n<\/li>\n<li>\n<p><b><\/b><b>Apr\u00e8s-shampoing<\/b><\/p>\n<\/li>\n<li>\n<p><b><\/b><b><\/b><b>Traitement antiparasitaire<\/b><\/p>\n<\/li>\n<li>\n<p><b><\/b><b><\/b><b>S\u00e9chage<\/b><b><\/b><\/p>\n<\/li>\n<\/ul>\n<\/li>\n<\/ul>\n<p><img decoding=\"async\" class=\"emoji\" role=\"img\" draggable=\"false\" src=\"https:\/\/s.w.org\/images\/core\/emoji\/17.0.2\/svg\/1f4a1.svg\" alt=\"\ud83d\udca1\" \/> <i>Id\u00e9al apr\u00e8s une balade, avant une s\u00e9ance de c\u00e2lins\u2026 ou quand votre chien a d\u00e9cid\u00e9 de plonger dans la premi\u00e8re flaque venue !<\/i><i><\/i><\/p>\n<p><i>\u00a0<\/i><\/p>\n<p><div style=\"width: 750px;\" class=\"wp-video\"><video class=\"wp-video-shortcode\" id=\"video-538-1\" width=\"750\" height=\"750\" preload=\"metadata\" controls=\"controls\"><source type=\"video\/mp4\" src=\"https:\/\/millepathotel.com\/wp-content\/uploads\/2025\/11\/DOG-WASH_MillePatHotel.mp4?_=1\" \/><a href=\"https:\/\/millepathotel.com\/wp-content\/uploads\/2025\/11\/DOG-WASH_MillePatHotel.mp4\">https:\/\/millepathotel.com\/wp-content\/uploads\/2025\/11\/DOG-WASH_MillePatHotel.mp4<\/a><\/video><\/div><\/p>\n<p>\u00a0<\/p>\n<h2 class=\"wp-block-heading\" style=\"font-size: 25px; font-style: normal; font-weight: 200; letter-spacing: 8px; text-transform: uppercase;\">confortable<\/h2>\n<p>Notre Dog Wash est install\u00e9 dans une <b>pi\u00e8ce ferm\u00e9e<\/b>, accessible <b>par tous les temps<\/b>.<br \/>Vous pouvez laver votre chien en toute tranquillit\u00e9, sans avoir \u00e0 salir votre salle de bain !<\/p>\n<p><img decoding=\"async\" class=\"emoji\" role=\"img\" draggable=\"false\" src=\"https:\/\/s.w.org\/images\/core\/emoji\/17.0.2\/svg\/2714.svg\" alt=\"\u2714\ufe0f\" \/> Propre et s\u00e9curis\u00e9e<br \/><img decoding=\"async\" class=\"emoji\" role=\"img\" draggable=\"false\" src=\"https:\/\/s.w.org\/images\/core\/emoji\/17.0.2\/svg\/2714.svg\" alt=\"\u2714\ufe0f\" \/> Mat\u00e9riel professionnel<br \/><img decoding=\"async\" class=\"emoji\" role=\"img\" draggable=\"false\" src=\"https:\/\/s.w.org\/images\/core\/emoji\/17.0.2\/svg\/2714.svg\" alt=\"\u2714\ufe0f\" \/> Adapt\u00e9 \u00e0 toutes les tailles de chiens<\/p>\n<p>\u00a0<\/p>\n<h2 class=\"wp-block-heading\" style=\"font-size: 25px; font-style: normal; font-weight: 200; letter-spacing: 8px; text-transform: uppercase;\">pratique<\/h2>\n<p><span style=\"color: #313b3b; font-family: Abel; font-size: 16px; text-align: var(--text-align);\">Pour rendre l\u2019exp\u00e9rience encore plus agr\u00e9able, nous mettons \u00e0 votre disposition :<\/span><\/p>\n<ul>\n<li><b>Serviettes<\/b><b><\/b><\/li>\n<li><b>Blouses<\/b> (parfait pour \u00e9viter le look \u00ab\u00a0chien secou\u00e9\u00a0\u00bb <img decoding=\"async\" class=\"emoji\" role=\"img\" draggable=\"false\" src=\"https:\/\/s.w.org\/images\/core\/emoji\/17.0.2\/svg\/1f605.svg\" alt=\"\ud83d\ude05\" \/>)<\/li>\n<\/ul>\n<p>Vous venez les mains vides\u2026 et repartez avec un chien tout propre !<\/p>\n<p>\u00a0<\/p>\n<h2 class=\"wp-block-heading\" style=\"font-size: 25px; font-style: normal; font-weight: 200; letter-spacing: 8px; text-transform: uppercase;\">accessible<\/h2>\n<p><!-- \/wp:heading --><!-- wp:list --><\/p>\n<ul class=\"wp-block-list\">\n<li style=\"list-style-type: none;\">\n<ul class=\"wp-block-list\"><!-- wp:list-item --><\/ul>\n<\/li>\n<\/ul>\n<ul>\n<li><b>Paiement pi\u00e8ces et jetons (\u00e0 acheter sur place)<\/b><b><\/b><\/li>\n<li><b>En libre-service<\/b><b><\/b><\/li>\n<li><b>Ouvert du lundi au samedi de 9h \u00e0 19h<\/b> (horaires de la pension)<\/li>\n<\/ul>\n<p>Et bien s\u00fbr\u2026<br \/><b>Notre \u00e9quipe est pr\u00e9sente sur place<\/b> si vous avez besoin d\u2019aide ou de conseils.<\/p>\n<p>\u00a0<\/p>\n<h2 class=\"wp-block-heading\" style=\"font-size: 25px; font-style: normal; font-weight: 200; letter-spacing: 8px; text-transform: uppercase;\">venez tester le dog wash<\/h2>\n<p><!-- \/wp:heading --><!-- wp:list --><\/p>\n<ul class=\"wp-block-list\">\n<li style=\"list-style-type: none;\">\n<ul class=\"wp-block-list\"><!-- wp:list-item --><\/ul>\n<\/li>\n<\/ul>\n<p>Offrez \u00e0 votre chien un moment de propret\u00e9\u2026 et un look de star !<\/p>\n<p><b>Mille Pat\u2019H\u00f4tel \u2013 Parce que chaque patte m\u00e9rite le meilleur.<\/b><b><\/b><\/p>\n<p><!-- \/wp:list-item --><\/p>\n<p><!-- \/wp:list --><\/p>\t\t\t\t\t\t\t\t<\/div>\n\t\t\t\t\t<\/div>\n\t\t\t\t<\/div>\n\t\t\t\t<\/div>\n\t\t","protected":false},"excerpt":{"rendered":"<p>| dog wash | Une nouveaut\u00e9 qui va faire mousser votre toutou ! Chez Mille Pat\u2019H\u00f4tel, on pense autant au confort de votre compagnon qu\u2019\u00e0 votre tranquillit\u00e9.D\u00e9couvrez notre Dog Wash en libre-service, simple, pratique et accessible \u00e0 tous ! Un<\/p>\n","protected":false},"author":3,"featured_media":330,"parent":0,"menu_order":0,"comment_status":"closed","ping_status":"closed","template":"","meta":{"footnotes":""},"class_list":["post-538","page","type-page","status-publish","has-post-thumbnail","hentry"],"yoast_head":"<!-- This site is optimized with the Yoast SEO plugin v27.4 - https:\/\/yoast.com\/product\/yoast-seo-wordpress\/ -->\n<title>Dog Wash - Mille Pat&#039;H\u00f4tel<\/title>\n<meta name=\"robots\" content=\"index, follow, max-snippet:-1, max-image-preview:large, max-video-preview:-1\" \/>\n<link rel=\"canonical\" href=\"https:\/\/millepathotel.com\/index.php\/dog-wash\/\" \/>\n<meta property=\"og:locale\" content=\"fr_FR\" \/>\n<meta property=\"og:type\" content=\"article\" \/>\n<meta property=\"og:title\" content=\"Dog Wash - Mille Pat&#039;H\u00f4tel\" \/>\n<meta property=\"og:description\" content=\"| dog wash | Une nouveaut\u00e9 qui va faire mousser votre toutou ! Chez Mille Pat\u2019H\u00f4tel, on pense autant au confort de votre compagnon qu\u2019\u00e0 votre tranquillit\u00e9.D\u00e9couvrez notre Dog Wash en libre-service, simple, pratique et accessible \u00e0 tous ! Un\" \/>\n<meta property=\"og:url\" content=\"https:\/\/millepathotel.com\/index.php\/dog-wash\/\" \/>\n<meta property=\"og:site_name\" content=\"Mille Pat&#039;H\u00f4tel\" \/>\n<meta property=\"article:modified_time\" content=\"2026-02-27T09:54:25+00:00\" \/>\n<meta property=\"og:image\" content=\"https:\/\/millepathotel.com\/wp-content\/uploads\/2025\/10\/IMG_20250430_194723721-scaled.jpg\" \/>\n\t<meta property=\"og:image:width\" content=\"2560\" \/>\n\t<meta property=\"og:image:height\" content=\"1920\" \/>\n\t<meta property=\"og:image:type\" content=\"image\/jpeg\" \/>\n<meta name=\"twitter:card\" content=\"summary_large_image\" \/>\n<meta name=\"twitter:label1\" content=\"Dur\u00e9e de lecture estim\u00e9e\" \/>\n\t<meta name=\"twitter:data1\" content=\"1 minute\" \/>\n<script type=\"application\/ld+json\" class=\"yoast-schema-graph\">{\"@context\":\"https:\\\/\\\/schema.org\",\"@graph\":[{\"@type\":\"WebPage\",\"@id\":\"https:\\\/\\\/millepathotel.com\\\/index.php\\\/dog-wash\\\/\",\"url\":\"https:\\\/\\\/millepathotel.com\\\/index.php\\\/dog-wash\\\/\",\"name\":\"Dog Wash - Mille Pat&#039;H\u00f4tel\",\"isPartOf\":{\"@id\":\"https:\\\/\\\/millepathotel.com\\\/#website\"},\"primaryImageOfPage\":{\"@id\":\"https:\\\/\\\/millepathotel.com\\\/index.php\\\/dog-wash\\\/#primaryimage\"},\"image\":{\"@id\":\"https:\\\/\\\/millepathotel.com\\\/index.php\\\/dog-wash\\\/#primaryimage\"},\"thumbnailUrl\":\"https:\\\/\\\/millepathotel.com\\\/wp-content\\\/uploads\\\/2025\\\/10\\\/IMG_20250430_194723721-scaled.jpg\",\"datePublished\":\"2025-11-14T11:46:37+00:00\",\"dateModified\":\"2026-02-27T09:54:25+00:00\",\"breadcrumb\":{\"@id\":\"https:\\\/\\\/millepathotel.com\\\/index.php\\\/dog-wash\\\/#breadcrumb\"},\"inLanguage\":\"fr-FR\",\"potentialAction\":[{\"@type\":\"ReadAction\",\"target\":[\"https:\\\/\\\/millepathotel.com\\\/index.php\\\/dog-wash\\\/\"]}]},{\"@type\":\"ImageObject\",\"inLanguage\":\"fr-FR\",\"@id\":\"https:\\\/\\\/millepathotel.com\\\/index.php\\\/dog-wash\\\/#primaryimage\",\"url\":\"https:\\\/\\\/millepathotel.com\\\/wp-content\\\/uploads\\\/2025\\\/10\\\/IMG_20250430_194723721-scaled.jpg\",\"contentUrl\":\"https:\\\/\\\/millepathotel.com\\\/wp-content\\\/uploads\\\/2025\\\/10\\\/IMG_20250430_194723721-scaled.jpg\",\"width\":2560,\"height\":1920},{\"@type\":\"BreadcrumbList\",\"@id\":\"https:\\\/\\\/millepathotel.com\\\/index.php\\\/dog-wash\\\/#breadcrumb\",\"itemListElement\":[{\"@type\":\"ListItem\",\"position\":1,\"name\":\"Accueil\",\"item\":\"https:\\\/\\\/millepathotel.com\\\/\"},{\"@type\":\"ListItem\",\"position\":2,\"name\":\"Dog Wash\"}]},{\"@type\":\"WebSite\",\"@id\":\"https:\\\/\\\/millepathotel.com\\\/#website\",\"url\":\"https:\\\/\\\/millepathotel.com\\\/\",\"name\":\"Mille Pat&#039;H\u00f4tel\",\"description\":\"Pension canine et f\u00e9line en vend\u00e9e, \u00e0 5mn du Puy du Fou\",\"publisher\":{\"@id\":\"https:\\\/\\\/millepathotel.com\\\/#organization\"},\"potentialAction\":[{\"@type\":\"SearchAction\",\"target\":{\"@type\":\"EntryPoint\",\"urlTemplate\":\"https:\\\/\\\/millepathotel.com\\\/?s={search_term_string}\"},\"query-input\":{\"@type\":\"PropertyValueSpecification\",\"valueRequired\":true,\"valueName\":\"search_term_string\"}}],\"inLanguage\":\"fr-FR\"},{\"@type\":\"Organization\",\"@id\":\"https:\\\/\\\/millepathotel.com\\\/#organization\",\"name\":\"Mille Pat&#039;H\u00f4tel\",\"url\":\"https:\\\/\\\/millepathotel.com\\\/\",\"logo\":{\"@type\":\"ImageObject\",\"inLanguage\":\"fr-FR\",\"@id\":\"https:\\\/\\\/millepathotel.com\\\/#\\\/schema\\\/logo\\\/image\\\/\",\"url\":\"https:\\\/\\\/millepathotel.com\\\/wp-content\\\/uploads\\\/2025\\\/10\\\/cropped-MPH-Logo-RVB.png\",\"contentUrl\":\"https:\\\/\\\/millepathotel.com\\\/wp-content\\\/uploads\\\/2025\\\/10\\\/cropped-MPH-Logo-RVB.png\",\"width\":2478,\"height\":622,\"caption\":\"Mille Pat&#039;H\u00f4tel\"},\"image\":{\"@id\":\"https:\\\/\\\/millepathotel.com\\\/#\\\/schema\\\/logo\\\/image\\\/\"}}]}<\/script>\n<!-- \/ Yoast SEO plugin. -->","yoast_head_json":{"title":"Dog Wash - Mille Pat&#039;H\u00f4tel","robots":{"index":"index","follow":"follow","max-snippet":"max-snippet:-1","max-image-preview":"max-image-preview:large","max-video-preview":"max-video-preview:-1"},"canonical":"https:\/\/millepathotel.com\/index.php\/dog-wash\/","og_locale":"fr_FR","og_type":"article","og_title":"Dog Wash - Mille Pat&#039;H\u00f4tel","og_description":"| dog wash | Une nouveaut\u00e9 qui va faire mousser votre toutou ! Chez Mille Pat\u2019H\u00f4tel, on pense autant au confort de votre compagnon qu\u2019\u00e0 votre tranquillit\u00e9.D\u00e9couvrez notre Dog Wash en libre-service, simple, pratique et accessible \u00e0 tous ! Un","og_url":"https:\/\/millepathotel.com\/index.php\/dog-wash\/","og_site_name":"Mille Pat&#039;H\u00f4tel","article_modified_time":"2026-02-27T09:54:25+00:00","og_image":[{"width":2560,"height":1920,"url":"https:\/\/millepathotel.com\/wp-content\/uploads\/2025\/10\/IMG_20250430_194723721-scaled.jpg","type":"image\/jpeg"}],"twitter_card":"summary_large_image","twitter_misc":{"Dur\u00e9e de lecture estim\u00e9e":"1 minute"},"schema":{"@context":"https:\/\/schema.org","@graph":[{"@type":"WebPage","@id":"https:\/\/millepathotel.com\/index.php\/dog-wash\/","url":"https:\/\/millepathotel.com\/index.php\/dog-wash\/","name":"Dog Wash - Mille Pat&#039;H\u00f4tel","isPartOf":{"@id":"https:\/\/millepathotel.com\/#website"},"primaryImageOfPage":{"@id":"https:\/\/millepathotel.com\/index.php\/dog-wash\/#primaryimage"},"image":{"@id":"https:\/\/millepathotel.com\/index.php\/dog-wash\/#primaryimage"},"thumbnailUrl":"https:\/\/millepathotel.com\/wp-content\/uploads\/2025\/10\/IMG_20250430_194723721-scaled.jpg","datePublished":"2025-11-14T11:46:37+00:00","dateModified":"2026-02-27T09:54:25+00:00","breadcrumb":{"@id":"https:\/\/millepathotel.com\/index.php\/dog-wash\/#breadcrumb"},"inLanguage":"fr-FR","potentialAction":[{"@type":"ReadAction","target":["https:\/\/millepathotel.com\/index.php\/dog-wash\/"]}]},{"@type":"ImageObject","inLanguage":"fr-FR","@id":"https:\/\/millepathotel.com\/index.php\/dog-wash\/#primaryimage","url":"https:\/\/millepathotel.com\/wp-content\/uploads\/2025\/10\/IMG_20250430_194723721-scaled.jpg","contentUrl":"https:\/\/millepathotel.com\/wp-content\/uploads\/2025\/10\/IMG_20250430_194723721-scaled.jpg","width":2560,"height":1920},{"@type":"BreadcrumbList","@id":"https:\/\/millepathotel.com\/index.php\/dog-wash\/#breadcrumb","itemListElement":[{"@type":"ListItem","position":1,"name":"Accueil","item":"https:\/\/millepathotel.com\/"},{"@type":"ListItem","position":2,"name":"Dog Wash"}]},{"@type":"WebSite","@id":"https:\/\/millepathotel.com\/#website","url":"https:\/\/millepathotel.com\/","name":"Mille Pat&#039;H\u00f4tel","description":"Pension canine et f\u00e9line en vend\u00e9e, \u00e0 5mn du Puy du Fou","publisher":{"@id":"https:\/\/millepathotel.com\/#organization"},"potentialAction":[{"@type":"SearchAction","target":{"@type":"EntryPoint","urlTemplate":"https:\/\/millepathotel.com\/?s={search_term_string}"},"query-input":{"@type":"PropertyValueSpecification","valueRequired":true,"valueName":"search_term_string"}}],"inLanguage":"fr-FR"},{"@type":"Organization","@id":"https:\/\/millepathotel.com\/#organization","name":"Mille Pat&#039;H\u00f4tel","url":"https:\/\/millepathotel.com\/","logo":{"@type":"ImageObject","inLanguage":"fr-FR","@id":"https:\/\/millepathotel.com\/#\/schema\/logo\/image\/","url":"https:\/\/millepathotel.com\/wp-content\/uploads\/2025\/10\/cropped-MPH-Logo-RVB.png","contentUrl":"https:\/\/millepathotel.com\/wp-content\/uploads\/2025\/10\/cropped-MPH-Logo-RVB.png","width":2478,"height":622,"caption":"Mille Pat&#039;H\u00f4tel"},"image":{"@id":"https:\/\/millepathotel.com\/#\/schema\/logo\/image\/"}}]}},"_links":{"self":[{"href":"https:\/\/millepathotel.com\/index.php\/wp-json\/wp\/v2\/pages\/538","targetHints":{"allow":["GET"]}}],"collection":[{"href":"https:\/\/millepathotel.com\/index.php\/wp-json\/wp\/v2\/pages"}],"about":[{"href":"https:\/\/millepathotel.com\/index.php\/wp-json\/wp\/v2\/types\/page"}],"author":[{"embeddable":true,"href":"https:\/\/millepathotel.com\/index.php\/wp-json\/wp\/v2\/users\/3"}],"replies":[{"embeddable":true,"href":"https:\/\/millepathotel.com\/index.php\/wp-json\/wp\/v2\/comments?post=538"}],"version-history":[{"count":13,"href":"https:\/\/millepathotel.com\/index.php\/wp-json\/wp\/v2\/pages\/538\/revisions"}],"predecessor-version":[{"id":631,"href":"https:\/\/millepathotel.com\/index.php\/wp-json\/wp\/v2\/pages\/538\/revisions\/631"}],"wp:featuredmedia":[{"embeddable":true,"href":"https:\/\/millepathotel.com\/index.php\/wp-json\/wp\/v2\/media\/330"}],"wp:attachment":[{"href":"https:\/\/millepathotel.com\/index.php\/wp-json\/wp\/v2\/media?parent=538"}],"curies":[{"name":"wp","href":"https:\/\/api.w.org\/{rel}","templated":true}]}}