{"id":43,"date":"2018-01-27T09:13:18","date_gmt":"2018-01-27T08:13:18","guid":{"rendered":"http:\/\/millepathotel.com\/?page_id=43"},"modified":"2026-04-02T15:34:12","modified_gmt":"2026-04-02T13:34:12","slug":"pension","status":"publish","type":"page","link":"https:\/\/millepathotel.com\/index.php\/pension\/","title":{"rendered":"Pension"},"content":{"rendered":"\t\t<div data-elementor-type=\"wp-page\" data-elementor-id=\"43\" class=\"elementor elementor-43\" data-elementor-post-type=\"page\">\n\t\t\t\t<div class=\"elementor-element elementor-element-492d53a5 e-grid e-con-full e-con e-parent\" data-id=\"492d53a5\" data-element_type=\"container\" data-e-type=\"container\" data-settings=\"{&quot;background_background&quot;:&quot;classic&quot;}\">\n\t\t<div class=\"elementor-element elementor-element-70b77efb e-con-full e-flex e-con e-child\" data-id=\"70b77efb\" data-element_type=\"container\" data-e-type=\"container\" data-settings=\"{&quot;background_background&quot;:&quot;classic&quot;}\">\n\t\t\t\t\t<div class=\"e-7ff9060-05bbb24 e-svg-base\" data-interaction-id=\"7ff9060\" data-e-type=\"widget\" data-id=\"7ff9060\" ><svg xmlns=\"http:\/\/www.w3.org\/2000\/svg\" fill=\"currentColor\" style=\"width: 100%; height: 100%; overflow: unset;\" id=\"Layer_1\" viewBox=\"0 0 64 64\"><defs><style>      .st0 {        fill: #fff;      }    <\/style><\/defs><path class=\"st0\" d=\"M49,63h-7c-.27,0-.52-.11-.71-.29-.13-.13-3.29-3.37-3.29-9.71,0-.56,0-1.08.02-1.57-.89,1.31-1.99,2.55-3.3,3.41-.46.3-1.08.17-1.38-.29s-.17-1.08.29-1.38c2.73-1.78,4.47-5.83,5.12-7.6.17-.62.32-.93.36-1.01.23-.46.78-.68,1.26-.48.48.19.74.72.59,1.22-.02.06-.11.38-.29.87-.27.99-.66,3.11-.66,6.84,0,4.46,1.79,7.15,2.46,8h5.54c0-.61-1.78-1-3-1-.5,0-.92-.37-.99-.86-.21-1.49-1.96-14.68,2.39-17.94,3.54-2.66,3.6-8.15,3.6-8.2,0-4.36-1.62-8.31-2.81-11.2-.69-1.69-1.19-2.91-1.19-3.8,0-2.37,2.62-3,4-3,3.4,0,4.59-2.1,4.95-3.01.03-.09.05-.19.05-.3,0-.42-.31-.78-.72-.84-1.52-.22-3.61-.77-4.99-2.15-.14-.14-.23-.32-.27-.51-.04-.17-.95-4.2-6.02-4.2-5.5,0-9,4.6-9,7,0,1.19.17,1.41.18,1.42.03.02.16.07.26.11.32.12.8.3,1.27.77s.72,1,.97,1.48c.49.98.68,1.22,1.33,1.22.73,0,1.74-.16,2.4-.94.78-.92,1-2.62.62-4.9-.09-.54.28-1.06.82-1.15.55-.1,1.06.28,1.15.82.49,2.92.13,5.11-1.06,6.52-.91,1.08-2.27,1.65-3.92,1.65-1.95,0-2.65-1.4-3.12-2.33-.19-.38-.37-.74-.59-.96-.16-.16-.32-.22-.55-.31-1.13-.42-1.74-1.09-1.74-3.4,0-3.58,4.39-9,11-9,5.11,0,7.34,3.41,7.9,5.47.8.68,2.09,1.17,3.67,1.41,1.38.2,2.43,1.41,2.43,2.82,0,.36-.06.7-.19,1.02-.39,1-2.04,4.28-6.81,4.28-.02,0-2,.06-2,1,0,.5.51,1.73,1.04,3.04,1.18,2.87,2.96,7.2,2.96,11.96,0,.27-.05,6.54-4.4,9.8-2.44,1.83-2.36,9.98-1.72,15.24,2.06.18,4.12,1.03,4.12,2.96v1c0,.55-.45,1-1,1h-.03Z\"><\/path><path class=\"st0\" d=\"M13.02,53h-.02c-.55,0-.99-.47-.98-1.02.08-4.32.6-7.14,3.18-10.58,1.37-1.83,2.95-2.72,4.62-3.66,2.34-1.32,4.99-2.82,8.38-7.34,3.24-4.32,4.97-8.33,5.85-10.93.18-.52.74-.8,1.27-.63.52.18.8.75.63,1.27-.93,2.74-2.75,6.96-6.15,11.49-3.64,4.85-6.61,6.53-8.99,7.88-1.61.91-2.89,1.63-4.01,3.12-2.28,3.04-2.7,5.37-2.78,9.42-.01.55-.46.98-1,.98Z\"><\/path><path class=\"st0\" d=\"M37,63h-16c-1.9,0-7.59,0-8.9-5.42-7.38-5.49-8.08-13.89-4.96-19.1,2.21-3.68,6.39-5.4,9.3-5.76,1.09-.14,2.55-.15,3.27.57.25.25.35.6.27.94s-.33.61-.66.72c-.05.02-5.56,1.94-7.37,7.37-1.71,5.12,1.47,6.77,1.5,6.79.49.25.69.85.45,1.34s-.85.69-1.34.45c-.05-.02-4.75-2.47-2.5-9.21,1.06-3.17,3.11-5.29,4.96-6.64-2.08.62-4.64,1.95-6.15,4.47-2.71,4.51-1.97,11.89,4.72,16.67.21.15.35.37.4.62.56,2.9,2.72,4.19,7.02,4.19h15c0-.14-.16-1-2-1-3.58,0-4.84-2.45-4.89-2.55-.16-.32-.14-.7.06-1,.02-.03,1.83-2.82,1.83-6.45,0-3.32-3.42-5.09-3.45-5.11-.49-.25-.69-.85-.44-1.34s.85-.69,1.34-.45c.19.09,4.55,2.33,4.55,6.89,0,3.21-1.19,5.81-1.81,6.94.41.43,1.27,1.06,2.81,1.06,3.16,0,4,1.96,4,3v1c0,.55-.45,1-1,1h-.01Z\"><\/path><\/svg><\/div>\t\t\t\t<div class=\"elementor-element elementor-element-243e595d elementor-align-center elementor-widget elementor-widget-button\" data-id=\"243e595d\" data-element_type=\"widget\" data-e-type=\"widget\" data-widget_type=\"button.default\">\n\t\t\t\t\t\t\t\t\t\t<a class=\"elementor-button elementor-button-link elementor-size-sm elementor-animation-grow\" href=\"https:\/\/millepathotel.com\/index.php\/pension-chiens\/\">\n\t\t\t\t\t\t<span class=\"elementor-button-content-wrapper\">\n\t\t\t\t\t\t\t\t\t<span class=\"elementor-button-text\">La Pension des chiens<\/span>\n\t\t\t\t\t<\/span>\n\t\t\t\t\t<\/a>\n\t\t\t\t\t\t\t\t<\/div>\n\t\t\t\t<\/div>\n\t\t<div class=\"elementor-element elementor-element-436da930 e-con-full e-flex e-con e-child\" data-id=\"436da930\" data-element_type=\"container\" data-e-type=\"container\" data-settings=\"{&quot;background_background&quot;:&quot;classic&quot;}\">\n\t\t\t\t\t<div class=\"e-6e3eb48-edea5f5 e-svg-base\" data-interaction-id=\"6e3eb48\" data-e-type=\"widget\" data-id=\"6e3eb48\" ><svg xmlns=\"http:\/\/www.w3.org\/2000\/svg\" fill=\"currentColor\" style=\"width: 100%; height: 100%; overflow: unset;\" id=\"Outline\" viewBox=\"0 0 512 512\"><defs><style>      .st0 {        fill: #fff;      }    <\/style><\/defs><path class=\"st0\" d=\"M492.49,53.75c-13.29-3.85-34.28,2.64-49.01,25.97-9.47,15-8.43,33.6-7.32,53.28.45,8.07.92,16.4.7,24.88-.54,20.77-17.53,41.48-33.26,53.92-15.47,12.25-28.83,16.4-35.01,15.1-31.49-7.66-69.81-3.11-110.4,1.72-51.28,6.1-104.3,12.4-141.98-7.71-13.97-7.53-19.05-15.79-25.49-26.25-5.35-9.39-11.98-17.99-19.68-25.56-3.05-2.88-7.22-4.25-11.38-3.73-4.37.47-8.31,2.85-10.75,6.51-3.79,7.44-6.34,15.45-7.54,23.72-7.14,3.98-24.44,15.81-25.52,37.72-.06,1.29-2.35,3.56-4.19,5.38-3.85,3.18-6.63,7.46-7.97,12.26-.53,2.7-4.13,26.56,31.11,34.59,21.54,4.91,43.26,30.7,47.43,42.54.55,1.57,1.11,3.08,1.68,4.55-.5,32.6-4.15,86.8-12,100.52-4.84,2.83-8.41,7.41-9.96,12.8-.89,3.57-.38,7.34,1.44,10.53,1.09,1.76,3.02,2.83,5.09,2.83h22.37c1.82,0,3.54-.83,4.68-2.25,14.76-19.17,25.79-40.95,32.53-64.19,6.88,9.98,12.9,23.28,17.15,45.22-5.55,4.17-10,10.4-7.7,17.16.83,2.43,3.11,4.06,5.68,4.06h.04l25.01-.16c1.44,0,2.83-.54,3.91-1.48,13.03-11.39,14.89-51.94,6.14-90.17,3.6.26,7.32.4,11.16.4,23.11,0,49.97-4.4,76.16-8.7,4.42-.72,8.76-1.43,13.04-2.12,5.93,10.48,20.95,36.9,22.32,42,1.96,7.36-3.62,26.4-8,37.9-4.29,2.71-7.25,7.1-8.14,12.09-.18,3.45,1.37,6.77,4.12,8.86,1.07.87,2.4,1.34,3.78,1.34h17.04c2.51,0,4.88,0,18.55-20.21,7.45-10.45,13.47-21.84,17.91-33.87,1.95-7.34,3.5-14.77,4.63-22.28,2.2,1.88,4.32,3.66,6.32,5.34l1.28,1.07c5.65,4.76,8.28,12.21,6.88,19.46l-5.49,28.6c-3.6,2.54-6.03,6.41-6.74,10.76-.24,3.74,1.38,7.36,4.32,9.68,1.09.93,2.47,1.44,3.91,1.44h17.06c2.64-.18,5.08-1.48,6.71-3.56,8.18-8.97,26.72-47.23,24.76-68.59-.6-4.85-1.58-9.64-2.92-14.33-2.76-10.8-5.88-23.01-2.49-37.33,2.9-12.24,2.97-42.46-1.07-60.28-.48-1.99.37-4.05,2.09-5.14,23.22-14.32,64.08-49.91,69.86-92.44,1.19-11.24,1.17-22.58-.06-33.82-1.02-13.56-1.9-25.28,2.35-34.26,1.71-3.6,6.64-6.4,11.87-9.35,8.56-4.84,19.2-10.86,19.2-24.05.53-10.34-6.22-19.65-16.21-22.38h0ZM87.9,447.32h-13.66c1.33-1.97,3.12-3.59,5.2-4.73.71-.44,1.32-1.02,1.79-1.71,9.31-13.56,12.75-58.21,14-86.31,5.22,7.45,11.13,14.38,17.66,20.71,1.84,1.88,3.66,3.76,5.46,5.69-5.08,30.13-24.54,58.34-30.46,66.35ZM334.79,401.72c-4.94,16.07-22.3,39.6-27.44,45.6h-8c.56-.46,1.14-.89,1.75-1.29,1.09-.68,1.93-1.69,2.4-2.88,1.33-3.34,12.85-33.05,9.1-47.11-1.43-5.38-14.46-28.76-21.27-40.86,9.82-1.54,19.71-2.52,29.64-2.95,5.69,7.73,12.15,14.86,19.28,21.28-1.32,9.49-3.14,18.9-5.46,28.2h0ZM483.6,89.76c-6.62,3.74-13.48,7.6-16.8,14.67-5.6,11.85-4.57,25.66-3.47,40.29,1.14,10.39,1.18,20.88.12,31.28-5.2,38.17-44.31,71.54-64.27,83.85-6.09,3.78-9.1,11.01-7.5,18,3.37,18.1,3.74,36.63,1.1,54.86-4.07,17.2-.4,31.54,2.54,43.06,1.17,4.08,2.04,8.25,2.6,12.46,1.6,17.34-15.34,52.36-21.31,59.06h-9.84c.52-.46,1.07-.88,1.66-1.25,1.46-.88,2.48-2.33,2.8-4l5.95-30.98c2.21-11.53-1.97-23.35-10.95-30.91l-1.28-1.08c-13.74-11.47-36.69-30.77-40.74-46.67-.8-3.22-4.06-5.17-7.27-4.37-3.22.8-5.17,4.06-4.37,7.27,0,.02.01.04.02.07.47,1.77,1.07,3.51,1.78,5.2-14.68.98-32.23,3.83-50.66,6.85-30.14,4.94-64.06,10.49-88.61,7.79-1.46-4.92-3.09-9.76-4.91-14.4-1.2-3.09-4.67-4.62-7.76-3.43-3.09,1.2-4.62,4.67-3.43,7.76,0,.01.01.03.02.04,2.15,5.5,4.02,11.11,5.6,16.8.03.12.06.24.1.36,10.54,38.05,7.67,75.14.87,84.88l-12.46.08c.55-.4,1.12-.76,1.68-1.07,2.24-1.24,3.44-3.76,3-6.28-7.71-43.76-22.24-58.63-36.28-73-12.76-11.69-22.37-26.41-27.93-42.8-5.85-16.65-30.61-44.48-56.09-50.29-23.73-5.41-22.5-18.1-22-20.59,1.04-2.35,2.63-4.42,4.64-6.03,4.19-3.28,6.96-8.05,7.73-13.31.97-19.57,20.54-28.49,21.36-28.85,1.89-.82,3.23-2.56,3.54-4.6.95-7.61,3.04-15.03,6.22-22,.48-.68,1.24-1.12,2.07-1.2.62-.1,1.25.07,1.74.48,6.97,6.87,12.94,14.68,17.76,23.2,6.8,11.04,13.2,21.46,30.04,30.53,41.03,21.91,95.96,15.37,149.08,9.05,39.46-4.7,76.74-9.13,106.32-1.93,11.47,2.4,28.32-4.11,45.1-17.39,17.85-14.14,37.16-38.12,37.8-63.03.23-8.95-.25-17.55-.72-25.86-1.04-18.48-1.94-34.44,5.48-46.19,10.91-17.28,26.12-23.58,35.53-20.86,4.85,1.28,8.05,5.89,7.56,10.88-.01,5.9-4.99,9.02-13.12,13.61h0Z\"><\/path><path class=\"st0\" d=\"M37.6,228.04l-3.92,4.08c-.37.37-.59.87-.62,1.39-.1,1.23.82,2.3,2.05,2.4,0,0,.01,0,.02,0l5.64.4c2.69.18,5.01-1.85,5.19-4.54.18-2.69-1.85-5.01-4.54-5.19-1.43-.1-2.83.44-3.82,1.47h0Z\"><\/path><\/svg><\/div>\t\t\t\t<div class=\"elementor-element elementor-element-3c59e72d elementor-align-center elementor-widget elementor-widget-button\" data-id=\"3c59e72d\" data-element_type=\"widget\" data-e-type=\"widget\" data-widget_type=\"button.default\">\n\t\t\t\t\t\t\t\t\t\t<a class=\"elementor-button elementor-button-link elementor-size-sm elementor-animation-grow\" href=\"https:\/\/millepathotel.com\/index.php\/pension-feline-ok\/\">\n\t\t\t\t\t\t<span class=\"elementor-button-content-wrapper\">\n\t\t\t\t\t\t\t\t\t<span class=\"elementor-button-text\">La pension des chats<\/span>\n\t\t\t\t\t<\/span>\n\t\t\t\t\t<\/a>\n\t\t\t\t\t\t\t\t<\/div>\n\t\t\t\t<\/div>\n\t\t<div class=\"elementor-element elementor-element-143f349 e-con-full e-flex e-con e-child\" data-id=\"143f349\" data-element_type=\"container\" data-e-type=\"container\" data-settings=\"{&quot;background_background&quot;:&quot;classic&quot;}\">\n\t\t\t\t\t<div class=\"e-fec2bfa-ac4fe5c e-svg-base\" data-interaction-id=\"fec2bfa\" data-e-type=\"widget\" data-id=\"fec2bfa\" ><svg xmlns=\"http:\/\/www.w3.org\/2000\/svg\" fill=\"currentColor\" style=\"width: 100%; height: 100%; overflow: unset;\" id=\"Layer_1\" viewBox=\"0 0 512 512\"><defs><style>      .st0 {        fill: #fff;      }    <\/style><\/defs><path class=\"st0\" d=\"M185.77,511.92c-19.04.22-38.05-1.65-56.69-5.58-21.85-5.03-35.39-12.8-40.23-23.2-3.55-7.88-3.55-16.91,0-24.79,7.66-16.04,29.26-20.38,51.81-20.46-7.13-9.17-12.28-19.72-15.14-30.98-.09-.37-.18-.73-.27-1.11-3.19,4.08-7.76,6.87-12.85,7.85-14.35,3-29.06-8.8-36.57-21.03-8.28-15.72-9.93-34.1-4.57-51.04,7.45-29.25,17.39-57.8,29.71-85.36,13.13-31.04,21.8-51.54,14.63-72.15-1.15-3.73-3.2-7.12-5.97-9.87-6.94-7.91-12.76-16.74-17.3-26.24-14.05-27.43-27.31-53.32-21.1-80.79C79.01,33.15,115.36,9.91,145.84,2.74c49.13-11.52,103.59,13.92,139.67,64.96,82.1,16.17,137.3,52.83,140.99,93.9,1.12,12.8-2.19,40.67-22.71,54.18-20.11,13.16-44.43,4.85-60.54-.67-8.12-2.78-15.98-6.26-23.51-10.4l21.77,31.58c7.76,8.62,58.84,67.73,61.13,131.88.17,5.05-3.78,9.28-8.83,9.45-.9.03-1.8-.07-2.66-.3-11.49-3.31-23.7-3.16-35.11.43-9.39,2.72-17.2,9.26-21.51,18.03-5.14,14.91,5.86,38.94,23.53,51.4,4.13,2.91,5.11,8.62,2.2,12.74-.48.69-1.06,1.3-1.71,1.83-44.38,36.01-115.39,50.17-172.76,50.17h0ZM140.27,456.23c-18.68,0-31.83,3.56-34.91,10-1.19,2.89-1.19,6.13,0,9.02,1.68,3.66,9.93,9.14,27.81,13.26,50.67,11.67,146.95,5.59,204.89-34.26-18.38-18.08-27.57-44.92-20.84-64.42,6.03-14.15,18.03-24.9,32.77-29.32,10.72-3.62,22.13-4.73,33.35-3.25-7.37-54.48-50.57-103.38-55.77-109.11-.28-.31-.53-.64-.77-.98l-67.77-98.22c-2.88-4.15-1.85-9.85,2.29-12.73,4.15-2.88,9.85-1.85,12.73,2.29,18.19,27.14,44.44,47.89,75.05,59.31,13.49,4.57,32,10.93,44.62,2.67,12.25-8.09,15.42-27.16,14.55-37.29-2.95-32.77-55.14-64.23-129.83-78.25-2.39-.45-4.51-1.83-5.88-3.85-31.31-46.09-80.58-70.45-122.55-60.6-20.96,4.96-54.53,22.56-60.97,50.73-4.75,20.97,6.51,42.97,19.54,68.37,3.87,8.18,8.86,15.77,14.84,22.56,4.31,4.53,7.54,9.97,9.46,15.92,9.51,27.22-1.33,52.83-15.04,85.25-11.96,26.64-21.59,54.27-28.78,82.57-4.01,12.2-3.18,25.48,2.32,37.09,4.78,7.72,12.91,13.71,17.44,12.74,3.22-.63,7.51-9.23,14.01-22.22.3-.66.78-1.57,1.29-2.57s.91-1.83,1.43-2.84c2.2-4.54,7.67-6.44,12.21-4.24,3.76,1.82,5.81,5.96,4.98,10.05-2,9.43-1.8,19.2.58,28.54,4.17,15.69,13.69,29.43,26.93,38.83,4.12,2.92,5.08,8.63,2.16,12.75-1.94,2.74-5.23,4.19-8.56,3.78-7.82-1.02-15.69-1.55-23.57-1.59h0Z\"><\/path><path class=\"st0\" d=\"M380.99,473.27c-12.02-.19-23.69-4.05-33.44-11.06-24.56-17.32-38.13-49.76-30.35-72.37,6.03-14.15,18.03-24.9,32.77-29.32,14.86-4.84,30.82-5.14,45.84-.84,26.23,7.07,44.43,24.48,47.54,45.45,1.64,15.71-3.32,31.4-13.71,43.3-11.17,14.17-27.67,23.13-45.64,24.76-1.01.05-2.01.08-3.01.08ZM373.46,374.99c-5.93-.08-11.84.85-17.46,2.74-9.39,2.72-17.2,9.26-21.51,18.03-5.14,14.91,5.86,38.94,23.53,51.4,7.21,5.26,15.97,7.98,24.9,7.72,12.85-1.31,24.6-7.83,32.51-18.05,7.13-7.93,10.67-18.44,9.8-29.07-2.4-16.3-19.2-26.41-34.15-30.44-5.75-1.54-11.67-2.32-17.62-2.34h0Z\"><\/path><\/svg><\/div>\t\t\t\t<div class=\"elementor-element elementor-element-0dea3f5 elementor-align-center elementor-widget elementor-widget-button\" data-id=\"0dea3f5\" data-element_type=\"widget\" data-e-type=\"widget\" data-widget_type=\"button.default\">\n\t\t\t\t\t\t\t\t\t\t<a class=\"elementor-button elementor-button-link elementor-size-sm elementor-animation-grow\" href=\"https:\/\/millepathotel.com\/index.php\/pension-feline-copie\/\">\n\t\t\t\t\t\t<span class=\"elementor-button-content-wrapper\">\n\t\t\t\t\t\t\t\t\t<span class=\"elementor-button-text\">La pension des autres animaux<\/span>\n\t\t\t\t\t<\/span>\n\t\t\t\t\t<\/a>\n\t\t\t\t\t\t\t\t<\/div>\n\t\t\t\t<\/div>\n\t\t<div class=\"elementor-element elementor-element-d4d9220 e-con-full e-flex e-con e-child\" data-id=\"d4d9220\" data-element_type=\"container\" data-e-type=\"container\">\n\t\t\t\t<\/div>\n\t\t\t\t<\/div>\n\t\t\t\t<\/div>\n\t\t","protected":false},"excerpt":{"rendered":"<p>La Pension des chiens La pension des chats La pension des autres animaux<\/p>\n","protected":false},"author":1,"featured_media":0,"parent":0,"menu_order":0,"comment_status":"closed","ping_status":"closed","template":"","meta":{"footnotes":""},"class_list":["post-43","page","type-page","status-publish","hentry"],"yoast_head":"<!-- This site is optimized with the Yoast SEO plugin v27.5 - https:\/\/yoast.com\/product\/yoast-seo-wordpress\/ -->\n<title>Pension - Mille Pat&#039;H\u00f4tel<\/title>\n<meta name=\"robots\" content=\"index, follow, max-snippet:-1, max-image-preview:large, max-video-preview:-1\" \/>\n<link rel=\"canonical\" href=\"https:\/\/millepathotel.com\/index.php\/pension\/\" \/>\n<meta property=\"og:locale\" content=\"fr_FR\" \/>\n<meta property=\"og:type\" content=\"article\" \/>\n<meta property=\"og:title\" content=\"Pension - Mille Pat&#039;H\u00f4tel\" \/>\n<meta property=\"og:description\" content=\"La Pension des chiens La pension des chats La pension des autres animaux\" \/>\n<meta property=\"og:url\" content=\"https:\/\/millepathotel.com\/index.php\/pension\/\" \/>\n<meta property=\"og:site_name\" content=\"Mille Pat&#039;H\u00f4tel\" \/>\n<meta property=\"article:modified_time\" content=\"2026-04-02T13:34:12+00:00\" \/>\n<meta name=\"twitter:card\" content=\"summary_large_image\" \/>\n<script type=\"application\/ld+json\" class=\"yoast-schema-graph\">{\"@context\":\"https:\\\/\\\/schema.org\",\"@graph\":[{\"@type\":\"WebPage\",\"@id\":\"https:\\\/\\\/millepathotel.com\\\/index.php\\\/pension\\\/\",\"url\":\"https:\\\/\\\/millepathotel.com\\\/index.php\\\/pension\\\/\",\"name\":\"Pension - Mille Pat&#039;H\u00f4tel\",\"isPartOf\":{\"@id\":\"https:\\\/\\\/millepathotel.com\\\/#website\"},\"datePublished\":\"2018-01-27T08:13:18+00:00\",\"dateModified\":\"2026-04-02T13:34:12+00:00\",\"breadcrumb\":{\"@id\":\"https:\\\/\\\/millepathotel.com\\\/index.php\\\/pension\\\/#breadcrumb\"},\"inLanguage\":\"fr-FR\",\"potentialAction\":[{\"@type\":\"ReadAction\",\"target\":[\"https:\\\/\\\/millepathotel.com\\\/index.php\\\/pension\\\/\"]}]},{\"@type\":\"BreadcrumbList\",\"@id\":\"https:\\\/\\\/millepathotel.com\\\/index.php\\\/pension\\\/#breadcrumb\",\"itemListElement\":[{\"@type\":\"ListItem\",\"position\":1,\"name\":\"Accueil\",\"item\":\"https:\\\/\\\/millepathotel.com\\\/\"},{\"@type\":\"ListItem\",\"position\":2,\"name\":\"Pension\"}]},{\"@type\":\"WebSite\",\"@id\":\"https:\\\/\\\/millepathotel.com\\\/#website\",\"url\":\"https:\\\/\\\/millepathotel.com\\\/\",\"name\":\"Mille Pat&#039;H\u00f4tel\",\"description\":\"Pension canine et f\u00e9line en vend\u00e9e, \u00e0 5mn du Puy du Fou\",\"publisher\":{\"@id\":\"https:\\\/\\\/millepathotel.com\\\/#organization\"},\"potentialAction\":[{\"@type\":\"SearchAction\",\"target\":{\"@type\":\"EntryPoint\",\"urlTemplate\":\"https:\\\/\\\/millepathotel.com\\\/?s={search_term_string}\"},\"query-input\":{\"@type\":\"PropertyValueSpecification\",\"valueRequired\":true,\"valueName\":\"search_term_string\"}}],\"inLanguage\":\"fr-FR\"},{\"@type\":\"Organization\",\"@id\":\"https:\\\/\\\/millepathotel.com\\\/#organization\",\"name\":\"Mille Pat&#039;H\u00f4tel\",\"url\":\"https:\\\/\\\/millepathotel.com\\\/\",\"logo\":{\"@type\":\"ImageObject\",\"inLanguage\":\"fr-FR\",\"@id\":\"https:\\\/\\\/millepathotel.com\\\/#\\\/schema\\\/logo\\\/image\\\/\",\"url\":\"https:\\\/\\\/millepathotel.com\\\/wp-content\\\/uploads\\\/2025\\\/10\\\/cropped-MPH-Logo-RVB.png\",\"contentUrl\":\"https:\\\/\\\/millepathotel.com\\\/wp-content\\\/uploads\\\/2025\\\/10\\\/cropped-MPH-Logo-RVB.png\",\"width\":2478,\"height\":622,\"caption\":\"Mille Pat&#039;H\u00f4tel\"},\"image\":{\"@id\":\"https:\\\/\\\/millepathotel.com\\\/#\\\/schema\\\/logo\\\/image\\\/\"}}]}<\/script>\n<!-- \/ Yoast SEO plugin. -->","yoast_head_json":{"title":"Pension - Mille Pat&#039;H\u00f4tel","robots":{"index":"index","follow":"follow","max-snippet":"max-snippet:-1","max-image-preview":"max-image-preview:large","max-video-preview":"max-video-preview:-1"},"canonical":"https:\/\/millepathotel.com\/index.php\/pension\/","og_locale":"fr_FR","og_type":"article","og_title":"Pension - Mille Pat&#039;H\u00f4tel","og_description":"La Pension des chiens La pension des chats La pension des autres animaux","og_url":"https:\/\/millepathotel.com\/index.php\/pension\/","og_site_name":"Mille Pat&#039;H\u00f4tel","article_modified_time":"2026-04-02T13:34:12+00:00","twitter_card":"summary_large_image","schema":{"@context":"https:\/\/schema.org","@graph":[{"@type":"WebPage","@id":"https:\/\/millepathotel.com\/index.php\/pension\/","url":"https:\/\/millepathotel.com\/index.php\/pension\/","name":"Pension - Mille Pat&#039;H\u00f4tel","isPartOf":{"@id":"https:\/\/millepathotel.com\/#website"},"datePublished":"2018-01-27T08:13:18+00:00","dateModified":"2026-04-02T13:34:12+00:00","breadcrumb":{"@id":"https:\/\/millepathotel.com\/index.php\/pension\/#breadcrumb"},"inLanguage":"fr-FR","potentialAction":[{"@type":"ReadAction","target":["https:\/\/millepathotel.com\/index.php\/pension\/"]}]},{"@type":"BreadcrumbList","@id":"https:\/\/millepathotel.com\/index.php\/pension\/#breadcrumb","itemListElement":[{"@type":"ListItem","position":1,"name":"Accueil","item":"https:\/\/millepathotel.com\/"},{"@type":"ListItem","position":2,"name":"Pension"}]},{"@type":"WebSite","@id":"https:\/\/millepathotel.com\/#website","url":"https:\/\/millepathotel.com\/","name":"Mille Pat&#039;H\u00f4tel","description":"Pension canine et f\u00e9line en vend\u00e9e, \u00e0 5mn du Puy du Fou","publisher":{"@id":"https:\/\/millepathotel.com\/#organization"},"potentialAction":[{"@type":"SearchAction","target":{"@type":"EntryPoint","urlTemplate":"https:\/\/millepathotel.com\/?s={search_term_string}"},"query-input":{"@type":"PropertyValueSpecification","valueRequired":true,"valueName":"search_term_string"}}],"inLanguage":"fr-FR"},{"@type":"Organization","@id":"https:\/\/millepathotel.com\/#organization","name":"Mille Pat&#039;H\u00f4tel","url":"https:\/\/millepathotel.com\/","logo":{"@type":"ImageObject","inLanguage":"fr-FR","@id":"https:\/\/millepathotel.com\/#\/schema\/logo\/image\/","url":"https:\/\/millepathotel.com\/wp-content\/uploads\/2025\/10\/cropped-MPH-Logo-RVB.png","contentUrl":"https:\/\/millepathotel.com\/wp-content\/uploads\/2025\/10\/cropped-MPH-Logo-RVB.png","width":2478,"height":622,"caption":"Mille Pat&#039;H\u00f4tel"},"image":{"@id":"https:\/\/millepathotel.com\/#\/schema\/logo\/image\/"}}]}},"_links":{"self":[{"href":"https:\/\/millepathotel.com\/index.php\/wp-json\/wp\/v2\/pages\/43","targetHints":{"allow":["GET"]}}],"collection":[{"href":"https:\/\/millepathotel.com\/index.php\/wp-json\/wp\/v2\/pages"}],"about":[{"href":"https:\/\/millepathotel.com\/index.php\/wp-json\/wp\/v2\/types\/page"}],"author":[{"embeddable":true,"href":"https:\/\/millepathotel.com\/index.php\/wp-json\/wp\/v2\/users\/1"}],"replies":[{"embeddable":true,"href":"https:\/\/millepathotel.com\/index.php\/wp-json\/wp\/v2\/comments?post=43"}],"version-history":[{"count":25,"href":"https:\/\/millepathotel.com\/index.php\/wp-json\/wp\/v2\/pages\/43\/revisions"}],"predecessor-version":[{"id":668,"href":"https:\/\/millepathotel.com\/index.php\/wp-json\/wp\/v2\/pages\/43\/revisions\/668"}],"wp:attachment":[{"href":"https:\/\/millepathotel.com\/index.php\/wp-json\/wp\/v2\/media?parent=43"}],"curies":[{"name":"wp","href":"https:\/\/api.w.org\/{rel}","templated":true}]}}